{"id":593,"date":"2025-11-24T09:03:06","date_gmt":"2025-11-24T09:03:06","guid":{"rendered":"https:\/\/bioeuropean.eu\/our-campaign\/"},"modified":"2025-11-29T17:42:46","modified_gmt":"2025-11-29T17:42:46","slug":"campagne","status":"publish","type":"page","link":"https:\/\/bioeuropean.eu\/fr\/campagne\/","title":{"rendered":"Campagne"},"content":{"rendered":"\n<section class=\"wp-block-group has-global-padding is-layout-constrained wp-block-group-is-layout-constrained\">\n<div class=\"wp-block-columns is-layout-flex wp-container-core-columns-is-layout-14cf5ab5 wp-block-columns-is-layout-flex\">\n<div class=\"wp-block-column is-layout-flow wp-block-column-is-layout-flow\">\n<figure class=\"wp-block-image size-full\"><img loading=\"lazy\" decoding=\"async\" width=\"1000\" height=\"1000\" src=\"https:\/\/bioeuropean.eu\/wp-content\/uploads\/2025\/11\/our-campaign-2.jpg\" alt=\"\" class=\"wp-image-449\" srcset=\"https:\/\/bioeuropean.eu\/wp-content\/uploads\/2025\/11\/our-campaign-2.jpg 1000w, https:\/\/bioeuropean.eu\/wp-content\/uploads\/2025\/11\/our-campaign-2-300x300.jpg 300w, https:\/\/bioeuropean.eu\/wp-content\/uploads\/2025\/11\/our-campaign-2-150x150.jpg 150w, https:\/\/bioeuropean.eu\/wp-content\/uploads\/2025\/11\/our-campaign-2-768x768.jpg 768w\" sizes=\"auto, (max-width: 1000px) 100vw, 1000px\" \/><\/figure>\n<\/div>\n\n\n\n<div class=\"wp-block-column is-layout-flow wp-block-column-is-layout-flow\">\n<h1 class=\"wp-block-heading has-medium-font-size\" style=\"font-style:normal;font-weight:600\">European Organic \u2013 Savourez, appr\u00e9ciez et partagez<\/h1>\n\n\n\n<p class=\"has-green-color has-text-color has-link-color wp-elements-d5f2d758ef2dba13876456e419ee9952\"><\/p>\n\n\n\n<h2 class=\"wp-block-heading has-green-color has-text-color has-link-color has-small-font-size wp-elements-e6b8300f7d31873782ae881d1fa122c9\" style=\"font-style:normal;font-weight:500\">\u00c0 propos de la campagne<\/h2>\n\n\n\n<ul class=\"wp-block-list\">\n<li>Savez-vous ce que sont r\u00e9ellement les aliments certifi\u00e9s biologiques et comment ils sont produits ?<\/li>\n\n\n\n<li>Vous vous demandez ce que signifie concr\u00e8tement le bien-\u00eatre animal ?<\/li>\n\n\n\n<li>Ou peut-\u00eatre souhaitez-vous savoir pourquoi les produits biologiques constituent un meilleur choix pour nous et pour la plan\u00e8te ?<\/li>\n<\/ul>\n\n\n\n<p>La campagne<strong> \u00ab Produits biologiques europ\u00e9ens \u2013 Savourez, appr\u00e9ciez et partagez \u00bb<\/strong>, une initiative d&rsquo;information et de promotion d&rsquo;une dur\u00e9e de trois ans visant \u00e0 sensibiliser, \u00e0 renforcer la confiance et \u00e0 faire reconna\u00eetre le syst\u00e8me europ\u00e9en de qualit\u00e9 des aliments biologiques sur les march\u00e9s fran\u00e7ais et n\u00e9erlandais, r\u00e9pond \u00e0 ces questions et \u00e0 bien d&rsquo;autres encore li\u00e9es \u00e0 l&rsquo;\u00e9cologie.<\/p>\n\n\n\n<h2 class=\"wp-block-heading has-green-color has-text-color has-link-color has-small-font-size wp-elements-24c7ad3d8cdfef2c1df254c1b2af9c93\" style=\"font-style:normal;font-weight:500\">Pourquoi choisir le bio ?<\/h2>\n\n\n\n<p>Les aliments biologiques sont plus qu&rsquo;une simple tendance. Ces produits sont exempts d&rsquo;engrais artificiels, de pesticides et d&rsquo;OGM. Il s&rsquo;agit d&rsquo;un mode de vie qui allie respect de la nature, souci du bien-\u00eatre animal et attention port\u00e9e \u00e0 la qualit\u00e9 de l&rsquo;alimentation. Les produits portant le symbole <strong>Euroleaf <\/strong>r\u00e9pondent \u00e0 des normes de qualit\u00e9 strictes de l&rsquo;UE, du champ \u00e0 notre table en passant par le processus de production.<\/p>\n\n\n\n<h2 class=\"wp-block-heading has-green-color has-text-color has-link-color has-small-font-size wp-elements-b3987b688b59efcff4d5d2bca9541861\" style=\"font-style:normal;font-weight:500\">Notre mission et nos objectifs \u00e9cologiques !<\/h2>\n\n\n\n<p>Nous voulons <strong>stimuler le d\u00e9veloppement du secteur des aliments biologiques <\/strong>dans des pays comme <strong>la France et les Pays-Bas <\/strong>en sensibilisant les consommateurs aux produits biologiques certifi\u00e9s Euroleaf. Nous voulons montrer que les aliments biologiques sont un symbole de qualit\u00e9, d&rsquo;authenticit\u00e9, de respect de la plan\u00e8te et de retour \u00e0 la nature.<\/p>\n<\/div>\n<\/div>\n\n\n\n<div class=\"wp-block-columns is-layout-flex wp-container-core-columns-is-layout-14cf5ab5 wp-block-columns-is-layout-flex\">\n<div class=\"wp-block-column is-layout-flow wp-block-column-is-layout-flow\">\n<h3 class=\"wp-block-heading has-green-color has-text-color has-link-color has-small-font-size wp-elements-d5466d883aade599af8416d6ddea8cf9\" style=\"font-style:normal;font-weight:500\">Qui visons-nous ?<\/h3>\n\n\n\n<ul class=\"wp-block-list\">\n<li>\u00c0 tous ceux qui veulent en savoir plus sur ce qui se trouve dans leur assiette.<\/li>\n\n\n\n<li>\u00c0 ceux qui recherchent des informations fiables, des sources v\u00e9rifi\u00e9es et une qualit\u00e9 authentique.<\/li>\n\n\n\n<li>\u00c0 la g\u00e9n\u00e9ration <strong>Z, aux mill\u00e9niaux et <\/strong>\u00e0 <strong>la g\u00e9n\u00e9ration X<\/strong><strong>, <\/strong>qui pensent que <strong>chaque choix compte<\/strong>, pour l&rsquo;environnement et les g\u00e9n\u00e9rations futures.<\/li>\n<\/ul>\n\n\n\n<p>\u00c0 vous, cher consommateur, car votre choix compte !<\/p>\n\n\n\n<h3 class=\"wp-block-heading has-green-color has-text-color has-link-color has-small-font-size wp-elements-eb445ba14441488ddee9eca91efbb1f4\" style=\"font-style:normal;font-weight:500\">Qu&rsquo;avons-nous pr\u00e9par\u00e9 ?<\/h3>\n\n\n\n<p>Dans le cadre de cette campagne, nous mettons en \u0153uvre un large \u00e9ventail d&rsquo;activit\u00e9s :<\/p>\n\n\n\n<ul class=\"wp-block-list\">\n<li>activit\u00e9s sur les r\u00e9seaux sociaux et campagnes num\u00e9riques,<\/li>\n\n\n\n<li>participation \u00e0 des salons professionnels et \u00e0 des r\u00e9unions B2B,<\/li>\n\n\n\n<li>du mat\u00e9riel p\u00e9dagogique inspirant, ainsi que du contenu en ligne qui vous rapproche du monde ECO et vous aide \u00e0 faire des choix \u00e9clair\u00e9s.<\/li>\n<\/ul>\n\n\n\n<h3 class=\"wp-block-heading has-green-color has-text-color has-link-color has-small-font-size wp-elements-509f5bc6c0ad4e03721db386e1fa1a32\" style=\"font-style:normal;font-weight:500\">Faites confiance \u00e0 Euroleaf !<\/h3>\n\n\n\n<p>Le symbole <strong>Euroleaf <\/strong>est plus qu&rsquo;une simple marque sur l&#8217;emballage. C&rsquo;est une garantie de qualit\u00e9, de s\u00e9curit\u00e9 et de respect de la nature. En choisissant des produits certifi\u00e9s, nous soutenons une agriculture respectueuse de l&rsquo;homme et de l&rsquo;environnement.<\/p>\n\n\n\n<p>La campagne <strong>\u00ab European Organic \u2013 Enjoy, Savour and Share \u00bb (Biologique europ\u00e9en \u2013 Savourez, appr\u00e9ciez et partagez) <\/strong>est men\u00e9e par <strong>la Chambre polonaise des aliments biologiques <\/strong>avec le soutien financier de l&rsquo;Union europ\u00e9enne. Elle promeut les produits certifi\u00e9s portant le symbole <strong>Euroleaf<\/strong> de l&rsquo;UE.<\/p>\n\n\n\n<p class=\"has-green-color has-text-color has-link-color wp-elements-1031f041d6ba81c4700edf7b45200921\"><strong><strong>Rejoignez le monde de l&rsquo;agriculture biologique europ\u00e9enne et savourez, appr\u00e9ciez et partagez !<\/strong><\/strong><\/p>\n<\/div>\n\n\n\n<div class=\"wp-block-column is-layout-flow wp-block-column-is-layout-flow\">\n<figure class=\"wp-block-image size-full\"><img loading=\"lazy\" decoding=\"async\" width=\"1000\" height=\"1000\" src=\"https:\/\/bioeuropean.eu\/wp-content\/uploads\/2025\/11\/our-campaign-1.jpg\" alt=\"\" class=\"wp-image-432\" srcset=\"https:\/\/bioeuropean.eu\/wp-content\/uploads\/2025\/11\/our-campaign-1.jpg 1000w, https:\/\/bioeuropean.eu\/wp-content\/uploads\/2025\/11\/our-campaign-1-300x300.jpg 300w, https:\/\/bioeuropean.eu\/wp-content\/uploads\/2025\/11\/our-campaign-1-150x150.jpg 150w, https:\/\/bioeuropean.eu\/wp-content\/uploads\/2025\/11\/our-campaign-1-768x768.jpg 768w\" sizes=\"auto, (max-width: 1000px) 100vw, 1000px\" \/><\/figure>\n<\/div>\n<\/div>\n<\/section>\n","protected":false},"excerpt":{"rendered":"<p>European Organic \u2013 Savourez, appr\u00e9ciez et partagez \u00c0 propos de la campagne La campagne \u00ab Produits biologiques europ\u00e9ens \u2013 Savourez, appr\u00e9ciez et partagez \u00bb, une initiative d&rsquo;information et de promotion d&rsquo;une dur\u00e9e de trois ans visant \u00e0 sensibiliser, \u00e0 renforcer la confiance et \u00e0 faire reconna\u00eetre le syst\u00e8me europ\u00e9en de qualit\u00e9 des aliments biologiques sur [&hellip;]<\/p>\n","protected":false},"featured_media":0,"parent":0,"menu_order":0,"comment_status":"closed","ping_status":"closed","template":"wp-custom-template-subpage","meta":{"footnotes":""},"class_list":["post-593","page","type-page","status-publish","hentry"],"yoast_head":"<!-- This site is optimized with the Yoast SEO plugin v27.4 - https:\/\/yoast.com\/product\/yoast-seo-wordpress\/ -->\n<title>Campagne - European Organic<\/title>\n<meta name=\"description\" content=\"European Organic \u2013 Savourez, appr\u00e9ciez et partagez. Rejoignez le monde de l&#039;agriculture biologique europ\u00e9enne et savourez, appr\u00e9ciez et partagez.\" \/>\n<meta name=\"robots\" content=\"index, follow, max-snippet:-1, max-image-preview:large, max-video-preview:-1\" \/>\n<link rel=\"canonical\" href=\"https:\/\/bioeuropean.eu\/fr\/campagne\/\" \/>\n<meta property=\"og:locale\" content=\"fr_FR\" \/>\n<meta property=\"og:type\" content=\"article\" \/>\n<meta property=\"og:title\" content=\"Campagne - European Organic\" \/>\n<meta property=\"og:description\" content=\"European Organic \u2013 Savourez, appr\u00e9ciez et partagez. Rejoignez le monde de l&#039;agriculture biologique europ\u00e9enne et savourez, appr\u00e9ciez et partagez.\" \/>\n<meta property=\"og:url\" content=\"https:\/\/bioeuropean.eu\/fr\/campagne\/\" \/>\n<meta property=\"og:site_name\" content=\"European Organic\" \/>\n<meta property=\"article:modified_time\" content=\"2025-11-29T17:42:46+00:00\" \/>\n<meta property=\"og:image\" content=\"https:\/\/bioeuropean.eu\/wp-content\/uploads\/2025\/11\/our-campaign-2.jpg\" \/>\n\t<meta property=\"og:image:width\" content=\"1000\" \/>\n\t<meta property=\"og:image:height\" content=\"1000\" \/>\n\t<meta property=\"og:image:type\" content=\"image\/jpeg\" \/>\n<meta name=\"twitter:card\" content=\"summary_large_image\" \/>\n<meta name=\"twitter:label1\" content=\"Dur\u00e9e de lecture estim\u00e9e\" \/>\n\t<meta name=\"twitter:data1\" content=\"3 minutes\" \/>\n<script type=\"application\/ld+json\" class=\"yoast-schema-graph\">{\"@context\":\"https:\\\/\\\/schema.org\",\"@graph\":[{\"@type\":\"WebPage\",\"@id\":\"https:\\\/\\\/bioeuropean.eu\\\/fr\\\/campagne\\\/\",\"url\":\"https:\\\/\\\/bioeuropean.eu\\\/fr\\\/campagne\\\/\",\"name\":\"Campagne - European Organic\",\"isPartOf\":{\"@id\":\"https:\\\/\\\/bioeuropean.eu\\\/fr\\\/#website\"},\"primaryImageOfPage\":{\"@id\":\"https:\\\/\\\/bioeuropean.eu\\\/fr\\\/campagne\\\/#primaryimage\"},\"image\":{\"@id\":\"https:\\\/\\\/bioeuropean.eu\\\/fr\\\/campagne\\\/#primaryimage\"},\"thumbnailUrl\":\"https:\\\/\\\/bioeuropean.eu\\\/wp-content\\\/uploads\\\/2025\\\/11\\\/our-campaign-2.jpg\",\"datePublished\":\"2025-11-24T09:03:06+00:00\",\"dateModified\":\"2025-11-29T17:42:46+00:00\",\"description\":\"European Organic \u2013 Savourez, appr\u00e9ciez et partagez. Rejoignez le monde de l'agriculture biologique europ\u00e9enne et savourez, appr\u00e9ciez et partagez.\",\"breadcrumb\":{\"@id\":\"https:\\\/\\\/bioeuropean.eu\\\/fr\\\/campagne\\\/#breadcrumb\"},\"inLanguage\":\"fr-FR\",\"potentialAction\":[{\"@type\":\"ReadAction\",\"target\":[\"https:\\\/\\\/bioeuropean.eu\\\/fr\\\/campagne\\\/\"]}]},{\"@type\":\"ImageObject\",\"inLanguage\":\"fr-FR\",\"@id\":\"https:\\\/\\\/bioeuropean.eu\\\/fr\\\/campagne\\\/#primaryimage\",\"url\":\"https:\\\/\\\/bioeuropean.eu\\\/wp-content\\\/uploads\\\/2025\\\/11\\\/our-campaign-2.jpg\",\"contentUrl\":\"https:\\\/\\\/bioeuropean.eu\\\/wp-content\\\/uploads\\\/2025\\\/11\\\/our-campaign-2.jpg\"},{\"@type\":\"BreadcrumbList\",\"@id\":\"https:\\\/\\\/bioeuropean.eu\\\/fr\\\/campagne\\\/#breadcrumb\",\"itemListElement\":[{\"@type\":\"ListItem\",\"position\":1,\"name\":\"Home\",\"item\":\"https:\\\/\\\/bioeuropean.eu\\\/fr\\\/\"},{\"@type\":\"ListItem\",\"position\":2,\"name\":\"Campagne\"}]},{\"@type\":\"WebSite\",\"@id\":\"https:\\\/\\\/bioeuropean.eu\\\/fr\\\/#website\",\"url\":\"https:\\\/\\\/bioeuropean.eu\\\/fr\\\/\",\"name\":\"European Organic\",\"description\":\"\",\"potentialAction\":[{\"@type\":\"SearchAction\",\"target\":{\"@type\":\"EntryPoint\",\"urlTemplate\":\"https:\\\/\\\/bioeuropean.eu\\\/fr\\\/?s={search_term_string}\"},\"query-input\":{\"@type\":\"PropertyValueSpecification\",\"valueRequired\":true,\"valueName\":\"search_term_string\"}}],\"inLanguage\":\"fr-FR\"}]}<\/script>\n<!-- \/ Yoast SEO plugin. -->","yoast_head_json":{"title":"Campagne - European Organic","description":"European Organic \u2013 Savourez, appr\u00e9ciez et partagez. Rejoignez le monde de l'agriculture biologique europ\u00e9enne et savourez, appr\u00e9ciez et partagez.","robots":{"index":"index","follow":"follow","max-snippet":"max-snippet:-1","max-image-preview":"max-image-preview:large","max-video-preview":"max-video-preview:-1"},"canonical":"https:\/\/bioeuropean.eu\/fr\/campagne\/","og_locale":"fr_FR","og_type":"article","og_title":"Campagne - European Organic","og_description":"European Organic \u2013 Savourez, appr\u00e9ciez et partagez. Rejoignez le monde de l'agriculture biologique europ\u00e9enne et savourez, appr\u00e9ciez et partagez.","og_url":"https:\/\/bioeuropean.eu\/fr\/campagne\/","og_site_name":"European Organic","article_modified_time":"2025-11-29T17:42:46+00:00","og_image":[{"width":1000,"height":1000,"url":"https:\/\/bioeuropean.eu\/wp-content\/uploads\/2025\/11\/our-campaign-2.jpg","type":"image\/jpeg"}],"twitter_card":"summary_large_image","twitter_misc":{"Dur\u00e9e de lecture estim\u00e9e":"3 minutes"},"schema":{"@context":"https:\/\/schema.org","@graph":[{"@type":"WebPage","@id":"https:\/\/bioeuropean.eu\/fr\/campagne\/","url":"https:\/\/bioeuropean.eu\/fr\/campagne\/","name":"Campagne - European Organic","isPartOf":{"@id":"https:\/\/bioeuropean.eu\/fr\/#website"},"primaryImageOfPage":{"@id":"https:\/\/bioeuropean.eu\/fr\/campagne\/#primaryimage"},"image":{"@id":"https:\/\/bioeuropean.eu\/fr\/campagne\/#primaryimage"},"thumbnailUrl":"https:\/\/bioeuropean.eu\/wp-content\/uploads\/2025\/11\/our-campaign-2.jpg","datePublished":"2025-11-24T09:03:06+00:00","dateModified":"2025-11-29T17:42:46+00:00","description":"European Organic \u2013 Savourez, appr\u00e9ciez et partagez. Rejoignez le monde de l'agriculture biologique europ\u00e9enne et savourez, appr\u00e9ciez et partagez.","breadcrumb":{"@id":"https:\/\/bioeuropean.eu\/fr\/campagne\/#breadcrumb"},"inLanguage":"fr-FR","potentialAction":[{"@type":"ReadAction","target":["https:\/\/bioeuropean.eu\/fr\/campagne\/"]}]},{"@type":"ImageObject","inLanguage":"fr-FR","@id":"https:\/\/bioeuropean.eu\/fr\/campagne\/#primaryimage","url":"https:\/\/bioeuropean.eu\/wp-content\/uploads\/2025\/11\/our-campaign-2.jpg","contentUrl":"https:\/\/bioeuropean.eu\/wp-content\/uploads\/2025\/11\/our-campaign-2.jpg"},{"@type":"BreadcrumbList","@id":"https:\/\/bioeuropean.eu\/fr\/campagne\/#breadcrumb","itemListElement":[{"@type":"ListItem","position":1,"name":"Home","item":"https:\/\/bioeuropean.eu\/fr\/"},{"@type":"ListItem","position":2,"name":"Campagne"}]},{"@type":"WebSite","@id":"https:\/\/bioeuropean.eu\/fr\/#website","url":"https:\/\/bioeuropean.eu\/fr\/","name":"European Organic","description":"","potentialAction":[{"@type":"SearchAction","target":{"@type":"EntryPoint","urlTemplate":"https:\/\/bioeuropean.eu\/fr\/?s={search_term_string}"},"query-input":{"@type":"PropertyValueSpecification","valueRequired":true,"valueName":"search_term_string"}}],"inLanguage":"fr-FR"}]}},"_links":{"self":[{"href":"https:\/\/bioeuropean.eu\/fr\/wp-json\/wp\/v2\/pages\/593","targetHints":{"allow":["GET"]}}],"collection":[{"href":"https:\/\/bioeuropean.eu\/fr\/wp-json\/wp\/v2\/pages"}],"about":[{"href":"https:\/\/bioeuropean.eu\/fr\/wp-json\/wp\/v2\/types\/page"}],"author":[{"embeddable":true,"href":"https:\/\/bioeuropean.eu\/fr\/wp-json\/wp\/v2\/users\/1"}],"replies":[{"embeddable":true,"href":"https:\/\/bioeuropean.eu\/fr\/wp-json\/wp\/v2\/comments?post=593"}],"version-history":[{"count":2,"href":"https:\/\/bioeuropean.eu\/fr\/wp-json\/wp\/v2\/pages\/593\/revisions"}],"predecessor-version":[{"id":657,"href":"https:\/\/bioeuropean.eu\/fr\/wp-json\/wp\/v2\/pages\/593\/revisions\/657"}],"wp:attachment":[{"href":"https:\/\/bioeuropean.eu\/fr\/wp-json\/wp\/v2\/media?parent=593"}],"curies":[{"name":"wp","href":"https:\/\/api.w.org\/{rel}","templated":true}]}}