{"id":623,"date":"2025-11-24T09:03:18","date_gmt":"2025-11-24T09:03:18","guid":{"rendered":"https:\/\/bioeuropean.eu\/why-choose-organic\/"},"modified":"2025-11-29T17:43:52","modified_gmt":"2025-11-29T17:43:52","slug":"pourquoi-le-bio","status":"publish","type":"page","link":"https:\/\/bioeuropean.eu\/fr\/pourquoi-le-bio\/","title":{"rendered":"Pourquoi le bio ?"},"content":{"rendered":"\n<section class=\"wp-block-group alignfull s-blog-posts has-lighter-green-background-color has-background has-global-padding is-layout-constrained wp-block-group-is-layout-constrained\">\n<div aria-hidden=\"true\" class=\"wp-block-fsb-flexible-spacer fsb-flexible-spacer\"><div class=\"fsb-flexible-spacer__device fsb-flexible-spacer__device--lg\" style=\"height:2rem\"><\/div><div class=\"fsb-flexible-spacer__device fsb-flexible-spacer__device--md\" style=\"height:2rem\"><\/div><div class=\"fsb-flexible-spacer__device fsb-flexible-spacer__device--sm\" style=\"height:2rem\"><\/div><\/div>\n\n\n\n<h1 class=\"wp-block-heading has-text-align-center has-dark-green-color has-text-color has-link-color has-x-large-font-size wp-elements-abe737d05aefc1d67f2a568e013454e7\">Pourquoi le bio ?<\/h1>\n\n\n\n<div aria-hidden=\"true\" class=\"wp-block-fsb-flexible-spacer fsb-flexible-spacer\"><div class=\"fsb-flexible-spacer__device fsb-flexible-spacer__device--lg\" style=\"height:3rem\"><\/div><div class=\"fsb-flexible-spacer__device fsb-flexible-spacer__device--md\" style=\"height:2rem\"><\/div><div class=\"fsb-flexible-spacer__device fsb-flexible-spacer__device--sm\" style=\"height:2rem\"><\/div><\/div>\n\n\n\n<div class=\"wp-block-query has-global-padding is-layout-constrained wp-block-query-is-layout-constrained\"><ul class=\"columns-3 s-blog-posts wp-block-post-template is-layout-grid wp-container-core-post-template-is-layout-572542b5 wp-block-post-template-is-layout-grid\"><li class=\"wp-block-post post-638 post type-post status-publish format-standard has-post-thumbnail hentry category-why-choose-organic\">\n<figure style=\"margin-bottom:0px;\" class=\"wp-block-post-featured-image\"><a href=\"https:\/\/bioeuropean.eu\/fr\/en-achetant-des-aliments-biologiques-vous-prenez-soin-de-la-planete\/\" target=\"_self\"  ><img loading=\"lazy\" decoding=\"async\" width=\"900\" height=\"1098\" src=\"https:\/\/bioeuropean.eu\/wp-content\/uploads\/2025\/11\/blog-why-1.jpg\" class=\"attachment-post-thumbnail size-post-thumbnail wp-post-image\" alt=\"En achetant des aliments biologiques, vous prenez soin de la plan\u00e8te !\" style=\"object-fit:cover;\" srcset=\"https:\/\/bioeuropean.eu\/wp-content\/uploads\/2025\/11\/blog-why-1.jpg 900w, https:\/\/bioeuropean.eu\/wp-content\/uploads\/2025\/11\/blog-why-1-246x300.jpg 246w, https:\/\/bioeuropean.eu\/wp-content\/uploads\/2025\/11\/blog-why-1-839x1024.jpg 839w, https:\/\/bioeuropean.eu\/wp-content\/uploads\/2025\/11\/blog-why-1-768x937.jpg 768w\" sizes=\"auto, (max-width: 900px) 100vw, 900px\" \/><\/a><\/figure>\n\n\n<div class=\"wp-block-group s-blog-posts__group has-white-background-color has-background has-global-padding is-layout-constrained wp-container-core-group-is-layout-f611be13 wp-block-group-is-layout-constrained\" style=\"padding-top:var(--wp--preset--spacing--50);padding-right:var(--wp--preset--spacing--50);padding-bottom:var(--wp--preset--spacing--50);padding-left:var(--wp--preset--spacing--50)\"><h2 style=\"font-style:normal;font-weight:500; padding-bottom:var(--wp--preset--spacing--40);\" class=\"has-link-color wp-elements-85800e832a691798ab80dba80b98b788 wp-block-post-title has-text-color has-dark-green-color has-small-font-size\"><a href=\"https:\/\/bioeuropean.eu\/fr\/en-achetant-des-aliments-biologiques-vous-prenez-soin-de-la-planete\/\" target=\"_self\" >En achetant des aliments biologiques, vous prenez soin de la plan\u00e8te !<\/a><\/h2>\n\n<div class=\"wp-block-post-excerpt\"><p class=\"wp-block-post-excerpt__excerpt\">En tant que consommateurs, nous nous demandons souvent ce que nous apporte le syst\u00e8me agricole biologique de l&rsquo;UE. L&rsquo;accent est principalement mis sur les aliments frais, s\u00fbrs et de haute qualit\u00e9. Cependant, lorsque nous adoptons une vision plus large et\u2026<\/p><p class=\"wp-block-post-excerpt__more-text\"><a class=\"wp-block-post-excerpt__more-link\" href=\"https:\/\/bioeuropean.eu\/fr\/en-achetant-des-aliments-biologiques-vous-prenez-soin-de-la-planete\/\">En savoir plus<\/a><\/p><\/div><\/div>\n\n<\/li><li class=\"wp-block-post post-633 post type-post status-publish format-standard has-post-thumbnail hentry category-why-choose-organic tag-homepage\">\n<figure style=\"margin-bottom:0px;\" class=\"wp-block-post-featured-image\"><a href=\"https:\/\/bioeuropean.eu\/fr\/ecologique-ethique\/\" target=\"_self\"  ><img loading=\"lazy\" decoding=\"async\" width=\"900\" height=\"1098\" src=\"https:\/\/bioeuropean.eu\/wp-content\/uploads\/2025\/11\/blog-why-3.jpg\" class=\"attachment-post-thumbnail size-post-thumbnail wp-post-image\" alt=\"\u00c9cologique = \u00e9thique ?\" style=\"object-fit:cover;\" srcset=\"https:\/\/bioeuropean.eu\/wp-content\/uploads\/2025\/11\/blog-why-3.jpg 900w, https:\/\/bioeuropean.eu\/wp-content\/uploads\/2025\/11\/blog-why-3-246x300.jpg 246w, https:\/\/bioeuropean.eu\/wp-content\/uploads\/2025\/11\/blog-why-3-839x1024.jpg 839w, https:\/\/bioeuropean.eu\/wp-content\/uploads\/2025\/11\/blog-why-3-768x937.jpg 768w\" sizes=\"auto, (max-width: 900px) 100vw, 900px\" \/><\/a><\/figure>\n\n\n<div class=\"wp-block-group s-blog-posts__group has-white-background-color has-background has-global-padding is-layout-constrained wp-container-core-group-is-layout-f611be13 wp-block-group-is-layout-constrained\" style=\"padding-top:var(--wp--preset--spacing--50);padding-right:var(--wp--preset--spacing--50);padding-bottom:var(--wp--preset--spacing--50);padding-left:var(--wp--preset--spacing--50)\"><h2 style=\"font-style:normal;font-weight:500; padding-bottom:var(--wp--preset--spacing--40);\" class=\"has-link-color wp-elements-85800e832a691798ab80dba80b98b788 wp-block-post-title has-text-color has-dark-green-color has-small-font-size\"><a href=\"https:\/\/bioeuropean.eu\/fr\/ecologique-ethique\/\" target=\"_self\" >\u00c9cologique = \u00e9thique ?<\/a><\/h2>\n\n<div class=\"wp-block-post-excerpt\"><p class=\"wp-block-post-excerpt__excerpt\">De plus en plus de personnes pr\u00eatent attention non seulement \u00e0 la composition et au prix des produits alimentaires, mais aussi \u00e0 leur mode de production. Cependant, une question se pose : qu&rsquo;entend-on exactement par \u00ab production \u00e9thique \u00bb ?\u2026<\/p><p class=\"wp-block-post-excerpt__more-text\"><a class=\"wp-block-post-excerpt__more-link\" href=\"https:\/\/bioeuropean.eu\/fr\/ecologique-ethique\/\">En savoir plus<\/a><\/p><\/div><\/div>\n\n<\/li><li class=\"wp-block-post post-625 post type-post status-publish format-standard has-post-thumbnail hentry category-why-choose-organic\">\n<figure style=\"margin-bottom:0px;\" class=\"wp-block-post-featured-image\"><a href=\"https:\/\/bioeuropean.eu\/fr\/les-aliments-biologiques\/\" target=\"_self\"  ><img loading=\"lazy\" decoding=\"async\" width=\"900\" height=\"1098\" src=\"https:\/\/bioeuropean.eu\/wp-content\/uploads\/2025\/11\/blog-why-4.jpg\" class=\"attachment-post-thumbnail size-post-thumbnail wp-post-image\" alt=\"Les aliments biologiques : qu&rsquo;est-ce qui est vrai et qu&rsquo;est-ce qui rel\u00e8ve du mythe ?\" style=\"object-fit:cover;\" srcset=\"https:\/\/bioeuropean.eu\/wp-content\/uploads\/2025\/11\/blog-why-4.jpg 900w, https:\/\/bioeuropean.eu\/wp-content\/uploads\/2025\/11\/blog-why-4-246x300.jpg 246w, https:\/\/bioeuropean.eu\/wp-content\/uploads\/2025\/11\/blog-why-4-839x1024.jpg 839w, https:\/\/bioeuropean.eu\/wp-content\/uploads\/2025\/11\/blog-why-4-768x937.jpg 768w\" sizes=\"auto, (max-width: 900px) 100vw, 900px\" \/><\/a><\/figure>\n\n\n<div class=\"wp-block-group s-blog-posts__group has-white-background-color has-background has-global-padding is-layout-constrained wp-container-core-group-is-layout-f611be13 wp-block-group-is-layout-constrained\" style=\"padding-top:var(--wp--preset--spacing--50);padding-right:var(--wp--preset--spacing--50);padding-bottom:var(--wp--preset--spacing--50);padding-left:var(--wp--preset--spacing--50)\"><h2 style=\"font-style:normal;font-weight:500; padding-bottom:var(--wp--preset--spacing--40);\" class=\"has-link-color wp-elements-85800e832a691798ab80dba80b98b788 wp-block-post-title has-text-color has-dark-green-color has-small-font-size\"><a href=\"https:\/\/bioeuropean.eu\/fr\/les-aliments-biologiques\/\" target=\"_self\" >Les aliments biologiques : qu&rsquo;est-ce qui est vrai et qu&rsquo;est-ce qui rel\u00e8ve du mythe ?<\/a><\/h2>\n\n<div class=\"wp-block-post-excerpt\"><p class=\"wp-block-post-excerpt__excerpt\">La disponibilit\u00e9 croissante des produits biologiques signifie que les consommateurs sont mieux inform\u00e9s sur leurs propri\u00e9t\u00e9s et leur impact positif sur l&rsquo;environnement. Malgr\u00e9 cela, de nombreux mythes et id\u00e9es fausses continuent de circuler. Il est temps de les dissiper !\u2026<\/p><p class=\"wp-block-post-excerpt__more-text\"><a class=\"wp-block-post-excerpt__more-link\" href=\"https:\/\/bioeuropean.eu\/fr\/les-aliments-biologiques\/\">En savoir plus<\/a><\/p><\/div><\/div>\n\n<\/li><li class=\"wp-block-post post-618 post type-post status-publish format-standard has-post-thumbnail hentry category-why-choose-organic\">\n<figure style=\"margin-bottom:0px;\" class=\"wp-block-post-featured-image\"><a href=\"https:\/\/bioeuropean.eu\/fr\/ecologique-un-choix-sur\/\" target=\"_self\"  ><img loading=\"lazy\" decoding=\"async\" width=\"900\" height=\"1098\" src=\"https:\/\/bioeuropean.eu\/wp-content\/uploads\/2025\/11\/blog-why-2.jpg\" class=\"attachment-post-thumbnail size-post-thumbnail wp-post-image\" alt=\"\u00c9cologique = un choix s\u00fbr\" style=\"object-fit:cover;\" srcset=\"https:\/\/bioeuropean.eu\/wp-content\/uploads\/2025\/11\/blog-why-2.jpg 900w, https:\/\/bioeuropean.eu\/wp-content\/uploads\/2025\/11\/blog-why-2-246x300.jpg 246w, https:\/\/bioeuropean.eu\/wp-content\/uploads\/2025\/11\/blog-why-2-839x1024.jpg 839w, https:\/\/bioeuropean.eu\/wp-content\/uploads\/2025\/11\/blog-why-2-768x937.jpg 768w\" sizes=\"auto, (max-width: 900px) 100vw, 900px\" \/><\/a><\/figure>\n\n\n<div class=\"wp-block-group s-blog-posts__group has-white-background-color has-background has-global-padding is-layout-constrained wp-container-core-group-is-layout-f611be13 wp-block-group-is-layout-constrained\" style=\"padding-top:var(--wp--preset--spacing--50);padding-right:var(--wp--preset--spacing--50);padding-bottom:var(--wp--preset--spacing--50);padding-left:var(--wp--preset--spacing--50)\"><h2 style=\"font-style:normal;font-weight:500; padding-bottom:var(--wp--preset--spacing--40);\" class=\"has-link-color wp-elements-85800e832a691798ab80dba80b98b788 wp-block-post-title has-text-color has-dark-green-color has-small-font-size\"><a href=\"https:\/\/bioeuropean.eu\/fr\/ecologique-un-choix-sur\/\" target=\"_self\" >\u00c9cologique = un choix s\u00fbr<\/a><\/h2>\n\n<div class=\"wp-block-post-excerpt\"><p class=\"wp-block-post-excerpt__excerpt\">Les aliments biologiques sont de plus en plus courants dans les foyers polonais. Nous les choisissons g\u00e9n\u00e9ralement par souci pour la plan\u00e8te, mais il existe de nombreuses autres raisons d&rsquo;opter pour des produits \u00ab \u00e9co \u00bb. L&rsquo;une des principales raisons\u2026<\/p><p class=\"wp-block-post-excerpt__more-text\"><a class=\"wp-block-post-excerpt__more-link\" href=\"https:\/\/bioeuropean.eu\/fr\/ecologique-un-choix-sur\/\">En savoir plus<\/a><\/p><\/div><\/div>\n\n<\/li><\/ul>\n\n\n<div aria-hidden=\"true\" class=\"wp-block-fsb-flexible-spacer fsb-flexible-spacer\"><div class=\"fsb-flexible-spacer__device fsb-flexible-spacer__device--lg\" style=\"height:3rem\"><\/div><div class=\"fsb-flexible-spacer__device fsb-flexible-spacer__device--md\" style=\"height:3rem\"><\/div><div class=\"fsb-flexible-spacer__device fsb-flexible-spacer__device--sm\" style=\"height:3rem\"><\/div><\/div>\n\n\n\n\n<\/div>\n\n\n\n<div aria-hidden=\"true\" class=\"wp-block-fsb-flexible-spacer fsb-flexible-spacer\"><div class=\"fsb-flexible-spacer__device fsb-flexible-spacer__device--lg\" style=\"height:3rem\"><\/div><div class=\"fsb-flexible-spacer__device fsb-flexible-spacer__device--md\" style=\"height:2rem\"><\/div><div class=\"fsb-flexible-spacer__device fsb-flexible-spacer__device--sm\" style=\"height:2rem\"><\/div><\/div>\n<\/section>\n","protected":false},"excerpt":{"rendered":"<p>Pourquoi le bio ?<\/p>\n","protected":false},"featured_media":0,"parent":0,"menu_order":0,"comment_status":"closed","ping_status":"closed","template":"wp-custom-template-blog-posts","meta":{"footnotes":""},"class_list":["post-623","page","type-page","status-publish","hentry"],"yoast_head":"<!-- This site is optimized with the Yoast SEO plugin v27.4 - https:\/\/yoast.com\/product\/yoast-seo-wordpress\/ -->\n<title>Pourquoi le bio ? - European Organic<\/title>\n<meta name=\"description\" content=\"Les aliments certifi\u00e9s Euroleaf sont produits de mani\u00e8re responsable, dans le respect des personnes,des animaux et de l&#039;environnement.\" \/>\n<meta name=\"robots\" content=\"index, follow, max-snippet:-1, max-image-preview:large, max-video-preview:-1\" \/>\n<link rel=\"canonical\" href=\"https:\/\/bioeuropean.eu\/fr\/pourquoi-le-bio\/\" \/>\n<meta property=\"og:locale\" content=\"fr_FR\" \/>\n<meta property=\"og:type\" content=\"article\" \/>\n<meta property=\"og:title\" content=\"Pourquoi le bio ? - European Organic\" \/>\n<meta property=\"og:description\" content=\"Les aliments certifi\u00e9s Euroleaf sont produits de mani\u00e8re responsable, dans le respect des personnes,des animaux et de l&#039;environnement.\" \/>\n<meta property=\"og:url\" content=\"https:\/\/bioeuropean.eu\/fr\/pourquoi-le-bio\/\" \/>\n<meta property=\"og:site_name\" content=\"European Organic\" \/>\n<meta property=\"article:modified_time\" content=\"2025-11-29T17:43:52+00:00\" \/>\n<meta name=\"twitter:card\" content=\"summary_large_image\" \/>\n<script type=\"application\/ld+json\" class=\"yoast-schema-graph\">{\"@context\":\"https:\\\/\\\/schema.org\",\"@graph\":[{\"@type\":\"WebPage\",\"@id\":\"https:\\\/\\\/bioeuropean.eu\\\/fr\\\/pourquoi-le-bio\\\/\",\"url\":\"https:\\\/\\\/bioeuropean.eu\\\/fr\\\/pourquoi-le-bio\\\/\",\"name\":\"Pourquoi le bio ? - European Organic\",\"isPartOf\":{\"@id\":\"https:\\\/\\\/bioeuropean.eu\\\/fr\\\/#website\"},\"datePublished\":\"2025-11-24T09:03:18+00:00\",\"dateModified\":\"2025-11-29T17:43:52+00:00\",\"description\":\"Les aliments certifi\u00e9s Euroleaf sont produits de mani\u00e8re responsable, dans le respect des personnes,des animaux et de l'environnement.\",\"breadcrumb\":{\"@id\":\"https:\\\/\\\/bioeuropean.eu\\\/fr\\\/pourquoi-le-bio\\\/#breadcrumb\"},\"inLanguage\":\"fr-FR\",\"potentialAction\":[{\"@type\":\"ReadAction\",\"target\":[\"https:\\\/\\\/bioeuropean.eu\\\/fr\\\/pourquoi-le-bio\\\/\"]}]},{\"@type\":\"BreadcrumbList\",\"@id\":\"https:\\\/\\\/bioeuropean.eu\\\/fr\\\/pourquoi-le-bio\\\/#breadcrumb\",\"itemListElement\":[{\"@type\":\"ListItem\",\"position\":1,\"name\":\"Home\",\"item\":\"https:\\\/\\\/bioeuropean.eu\\\/fr\\\/\"},{\"@type\":\"ListItem\",\"position\":2,\"name\":\"Pourquoi le bio ?\"}]},{\"@type\":\"WebSite\",\"@id\":\"https:\\\/\\\/bioeuropean.eu\\\/fr\\\/#website\",\"url\":\"https:\\\/\\\/bioeuropean.eu\\\/fr\\\/\",\"name\":\"European Organic\",\"description\":\"\",\"potentialAction\":[{\"@type\":\"SearchAction\",\"target\":{\"@type\":\"EntryPoint\",\"urlTemplate\":\"https:\\\/\\\/bioeuropean.eu\\\/fr\\\/?s={search_term_string}\"},\"query-input\":{\"@type\":\"PropertyValueSpecification\",\"valueRequired\":true,\"valueName\":\"search_term_string\"}}],\"inLanguage\":\"fr-FR\"}]}<\/script>\n<!-- \/ Yoast SEO plugin. -->","yoast_head_json":{"title":"Pourquoi le bio ? - European Organic","description":"Les aliments certifi\u00e9s Euroleaf sont produits de mani\u00e8re responsable, dans le respect des personnes,des animaux et de l'environnement.","robots":{"index":"index","follow":"follow","max-snippet":"max-snippet:-1","max-image-preview":"max-image-preview:large","max-video-preview":"max-video-preview:-1"},"canonical":"https:\/\/bioeuropean.eu\/fr\/pourquoi-le-bio\/","og_locale":"fr_FR","og_type":"article","og_title":"Pourquoi le bio ? - European Organic","og_description":"Les aliments certifi\u00e9s Euroleaf sont produits de mani\u00e8re responsable, dans le respect des personnes,des animaux et de l'environnement.","og_url":"https:\/\/bioeuropean.eu\/fr\/pourquoi-le-bio\/","og_site_name":"European Organic","article_modified_time":"2025-11-29T17:43:52+00:00","twitter_card":"summary_large_image","schema":{"@context":"https:\/\/schema.org","@graph":[{"@type":"WebPage","@id":"https:\/\/bioeuropean.eu\/fr\/pourquoi-le-bio\/","url":"https:\/\/bioeuropean.eu\/fr\/pourquoi-le-bio\/","name":"Pourquoi le bio ? - European Organic","isPartOf":{"@id":"https:\/\/bioeuropean.eu\/fr\/#website"},"datePublished":"2025-11-24T09:03:18+00:00","dateModified":"2025-11-29T17:43:52+00:00","description":"Les aliments certifi\u00e9s Euroleaf sont produits de mani\u00e8re responsable, dans le respect des personnes,des animaux et de l'environnement.","breadcrumb":{"@id":"https:\/\/bioeuropean.eu\/fr\/pourquoi-le-bio\/#breadcrumb"},"inLanguage":"fr-FR","potentialAction":[{"@type":"ReadAction","target":["https:\/\/bioeuropean.eu\/fr\/pourquoi-le-bio\/"]}]},{"@type":"BreadcrumbList","@id":"https:\/\/bioeuropean.eu\/fr\/pourquoi-le-bio\/#breadcrumb","itemListElement":[{"@type":"ListItem","position":1,"name":"Home","item":"https:\/\/bioeuropean.eu\/fr\/"},{"@type":"ListItem","position":2,"name":"Pourquoi le bio ?"}]},{"@type":"WebSite","@id":"https:\/\/bioeuropean.eu\/fr\/#website","url":"https:\/\/bioeuropean.eu\/fr\/","name":"European Organic","description":"","potentialAction":[{"@type":"SearchAction","target":{"@type":"EntryPoint","urlTemplate":"https:\/\/bioeuropean.eu\/fr\/?s={search_term_string}"},"query-input":{"@type":"PropertyValueSpecification","valueRequired":true,"valueName":"search_term_string"}}],"inLanguage":"fr-FR"}]}},"_links":{"self":[{"href":"https:\/\/bioeuropean.eu\/fr\/wp-json\/wp\/v2\/pages\/623","targetHints":{"allow":["GET"]}}],"collection":[{"href":"https:\/\/bioeuropean.eu\/fr\/wp-json\/wp\/v2\/pages"}],"about":[{"href":"https:\/\/bioeuropean.eu\/fr\/wp-json\/wp\/v2\/types\/page"}],"author":[{"embeddable":true,"href":"https:\/\/bioeuropean.eu\/fr\/wp-json\/wp\/v2\/users\/1"}],"replies":[{"embeddable":true,"href":"https:\/\/bioeuropean.eu\/fr\/wp-json\/wp\/v2\/comments?post=623"}],"version-history":[{"count":2,"href":"https:\/\/bioeuropean.eu\/fr\/wp-json\/wp\/v2\/pages\/623\/revisions"}],"predecessor-version":[{"id":667,"href":"https:\/\/bioeuropean.eu\/fr\/wp-json\/wp\/v2\/pages\/623\/revisions\/667"}],"wp:attachment":[{"href":"https:\/\/bioeuropean.eu\/fr\/wp-json\/wp\/v2\/media?parent=623"}],"curies":[{"name":"wp","href":"https:\/\/api.w.org\/{rel}","templated":true}]}}