{"id":650,"date":"2025-11-24T09:03:34","date_gmt":"2025-11-24T09:03:34","guid":{"rendered":"https:\/\/bioeuropean.eu\/inside-the-organic-market\/"},"modified":"2025-11-29T17:43:44","modified_gmt":"2025-11-29T17:43:44","slug":"marche-bio","status":"publish","type":"page","link":"https:\/\/bioeuropean.eu\/fr\/marche-bio\/","title":{"rendered":"March\u00e9 bio"},"content":{"rendered":"\n<section class=\"wp-block-group alignfull s-blog-posts has-lighter-green-background-color has-background has-global-padding is-layout-constrained wp-block-group-is-layout-constrained\">\n<div aria-hidden=\"true\" class=\"wp-block-fsb-flexible-spacer fsb-flexible-spacer\"><div class=\"fsb-flexible-spacer__device fsb-flexible-spacer__device--lg\" style=\"height:2rem\"><\/div><div class=\"fsb-flexible-spacer__device fsb-flexible-spacer__device--md\" style=\"height:2rem\"><\/div><div class=\"fsb-flexible-spacer__device fsb-flexible-spacer__device--sm\" style=\"height:2rem\"><\/div><\/div>\n\n\n\n<h1 class=\"wp-block-heading has-text-align-center has-dark-green-color has-text-color has-link-color has-x-large-font-size wp-elements-0f52afab6d5efe049c244360d1cb6094\">March\u00e9 bio<\/h1>\n\n\n\n<div aria-hidden=\"true\" class=\"wp-block-fsb-flexible-spacer fsb-flexible-spacer\"><div class=\"fsb-flexible-spacer__device fsb-flexible-spacer__device--lg\" style=\"height:3rem\"><\/div><div class=\"fsb-flexible-spacer__device fsb-flexible-spacer__device--md\" style=\"height:2rem\"><\/div><div class=\"fsb-flexible-spacer__device fsb-flexible-spacer__device--sm\" style=\"height:2rem\"><\/div><\/div>\n\n\n\n<div class=\"wp-block-query has-global-padding is-layout-constrained wp-block-query-is-layout-constrained\"><ul class=\"columns-3 s-blog-posts wp-block-post-template is-layout-grid wp-container-core-post-template-is-layout-572542b5 wp-block-post-template-is-layout-grid\"><li class=\"wp-block-post post-646 post type-post status-publish format-standard has-post-thumbnail hentry category-inside-the-organic-market\">\n<figure style=\"margin-bottom:0px;\" class=\"test wp-block-post-featured-image\"><a href=\"https:\/\/bioeuropean.eu\/fr\/la-france-et-la-pologne-sur-le-marche-des-produits-biologiques-deux-marches-un-objectif-commun-une-europe-durable\/\" target=\"_self\"  ><img loading=\"lazy\" decoding=\"async\" width=\"900\" height=\"1098\" src=\"https:\/\/bioeuropean.eu\/wp-content\/uploads\/2025\/11\/blog-inside-1.jpg\" class=\"attachment-post-thumbnail size-post-thumbnail wp-post-image\" alt=\"La France et la Pologne sur le march\u00e9 des produits biologiques \u2013 deux march\u00e9s, un objectif commun : une Europe durable\" style=\"object-fit:cover;\" srcset=\"https:\/\/bioeuropean.eu\/wp-content\/uploads\/2025\/11\/blog-inside-1.jpg 900w, https:\/\/bioeuropean.eu\/wp-content\/uploads\/2025\/11\/blog-inside-1-246x300.jpg 246w, https:\/\/bioeuropean.eu\/wp-content\/uploads\/2025\/11\/blog-inside-1-839x1024.jpg 839w, https:\/\/bioeuropean.eu\/wp-content\/uploads\/2025\/11\/blog-inside-1-768x937.jpg 768w\" sizes=\"auto, (max-width: 900px) 100vw, 900px\" \/><\/a><\/figure>\n\n\n<div class=\"wp-block-group s-blog-posts__group has-white-background-color has-background has-global-padding is-layout-constrained wp-container-core-group-is-layout-f611be13 wp-block-group-is-layout-constrained\" style=\"padding-top:var(--wp--preset--spacing--50);padding-right:var(--wp--preset--spacing--50);padding-bottom:var(--wp--preset--spacing--50);padding-left:var(--wp--preset--spacing--50)\"><h2 style=\"font-style:normal;font-weight:500; padding-bottom:var(--wp--preset--spacing--40);\" class=\"has-link-color wp-elements-85800e832a691798ab80dba80b98b788 wp-block-post-title has-text-color has-dark-green-color has-small-font-size\"><a href=\"https:\/\/bioeuropean.eu\/fr\/la-france-et-la-pologne-sur-le-marche-des-produits-biologiques-deux-marches-un-objectif-commun-une-europe-durable\/\" target=\"_self\" >La France et la Pologne sur le march\u00e9 des produits biologiques \u2013 deux march\u00e9s, un objectif commun : une Europe durable<\/a><\/h2>\n\n<div class=\"wp-block-post-excerpt\"><p class=\"wp-block-post-excerpt__excerpt\">Le secteur des produits biologiques en Europe conna\u00eet une croissance rapide, et deux pays jouent un r\u00f4le particuli\u00e8rement important dans cette transformation : la France, l\u2019un des plus grands consommateurs de produits bio, et la Pologne, un producteur et exportateur\u2026<\/p><p class=\"wp-block-post-excerpt__more-text\"><a class=\"wp-block-post-excerpt__more-link\" href=\"https:\/\/bioeuropean.eu\/fr\/la-france-et-la-pologne-sur-le-marche-des-produits-biologiques-deux-marches-un-objectif-commun-une-europe-durable\/\">En savoir plus<\/a><\/p><\/div><\/div>\n\n<\/li><\/ul>\n\n\n<div aria-hidden=\"true\" class=\"wp-block-fsb-flexible-spacer fsb-flexible-spacer\"><div class=\"fsb-flexible-spacer__device fsb-flexible-spacer__device--lg\" style=\"height:3rem\"><\/div><div class=\"fsb-flexible-spacer__device fsb-flexible-spacer__device--md\" style=\"height:3rem\"><\/div><div class=\"fsb-flexible-spacer__device fsb-flexible-spacer__device--sm\" style=\"height:3rem\"><\/div><\/div>\n\n\n\n\n<\/div>\n\n\n\n<div aria-hidden=\"true\" class=\"wp-block-fsb-flexible-spacer fsb-flexible-spacer\"><div class=\"fsb-flexible-spacer__device fsb-flexible-spacer__device--lg\" style=\"height:3rem\"><\/div><div class=\"fsb-flexible-spacer__device fsb-flexible-spacer__device--md\" style=\"height:2rem\"><\/div><div class=\"fsb-flexible-spacer__device fsb-flexible-spacer__device--sm\" style=\"height:2rem\"><\/div><\/div>\n<\/section>\n","protected":false},"excerpt":{"rendered":"<p>March\u00e9 bio<\/p>\n","protected":false},"featured_media":0,"parent":0,"menu_order":0,"comment_status":"closed","ping_status":"closed","template":"wp-custom-template-blog-posts","meta":{"footnotes":""},"class_list":["post-650","page","type-page","status-publish","hentry"],"yoast_head":"<!-- This site is optimized with the Yoast SEO plugin v27.4 - https:\/\/yoast.com\/product\/yoast-seo-wordpress\/ -->\n<title>March\u00e9 bio - European Organic<\/title>\n<meta name=\"description\" content=\"Les aliments certifi\u00e9s Euroleaf sont produits de mani\u00e8re responsable, dans le respect des personnes,des animaux et de l&#039;environnement.\" \/>\n<meta name=\"robots\" content=\"index, follow, max-snippet:-1, max-image-preview:large, max-video-preview:-1\" \/>\n<link rel=\"canonical\" href=\"https:\/\/bioeuropean.eu\/fr\/marche-bio\/\" \/>\n<meta property=\"og:locale\" content=\"fr_FR\" \/>\n<meta property=\"og:type\" content=\"article\" \/>\n<meta property=\"og:title\" content=\"March\u00e9 bio - European Organic\" \/>\n<meta property=\"og:description\" content=\"Les aliments certifi\u00e9s Euroleaf sont produits de mani\u00e8re responsable, dans le respect des personnes,des animaux et de l&#039;environnement.\" \/>\n<meta property=\"og:url\" content=\"https:\/\/bioeuropean.eu\/fr\/marche-bio\/\" \/>\n<meta property=\"og:site_name\" content=\"European Organic\" \/>\n<meta property=\"article:modified_time\" content=\"2025-11-29T17:43:44+00:00\" \/>\n<meta name=\"twitter:card\" content=\"summary_large_image\" \/>\n<meta name=\"twitter:label1\" content=\"Dur\u00e9e de lecture estim\u00e9e\" \/>\n\t<meta name=\"twitter:data1\" content=\"1 minute\" \/>\n<script type=\"application\/ld+json\" class=\"yoast-schema-graph\">{\"@context\":\"https:\\\/\\\/schema.org\",\"@graph\":[{\"@type\":\"WebPage\",\"@id\":\"https:\\\/\\\/bioeuropean.eu\\\/fr\\\/marche-bio\\\/\",\"url\":\"https:\\\/\\\/bioeuropean.eu\\\/fr\\\/marche-bio\\\/\",\"name\":\"March\u00e9 bio - European Organic\",\"isPartOf\":{\"@id\":\"https:\\\/\\\/bioeuropean.eu\\\/fr\\\/#website\"},\"datePublished\":\"2025-11-24T09:03:34+00:00\",\"dateModified\":\"2025-11-29T17:43:44+00:00\",\"description\":\"Les aliments certifi\u00e9s Euroleaf sont produits de mani\u00e8re responsable, dans le respect des personnes,des animaux et de l'environnement.\",\"breadcrumb\":{\"@id\":\"https:\\\/\\\/bioeuropean.eu\\\/fr\\\/marche-bio\\\/#breadcrumb\"},\"inLanguage\":\"fr-FR\",\"potentialAction\":[{\"@type\":\"ReadAction\",\"target\":[\"https:\\\/\\\/bioeuropean.eu\\\/fr\\\/marche-bio\\\/\"]}]},{\"@type\":\"BreadcrumbList\",\"@id\":\"https:\\\/\\\/bioeuropean.eu\\\/fr\\\/marche-bio\\\/#breadcrumb\",\"itemListElement\":[{\"@type\":\"ListItem\",\"position\":1,\"name\":\"Home\",\"item\":\"https:\\\/\\\/bioeuropean.eu\\\/fr\\\/\"},{\"@type\":\"ListItem\",\"position\":2,\"name\":\"March\u00e9 bio\"}]},{\"@type\":\"WebSite\",\"@id\":\"https:\\\/\\\/bioeuropean.eu\\\/fr\\\/#website\",\"url\":\"https:\\\/\\\/bioeuropean.eu\\\/fr\\\/\",\"name\":\"European Organic\",\"description\":\"\",\"potentialAction\":[{\"@type\":\"SearchAction\",\"target\":{\"@type\":\"EntryPoint\",\"urlTemplate\":\"https:\\\/\\\/bioeuropean.eu\\\/fr\\\/?s={search_term_string}\"},\"query-input\":{\"@type\":\"PropertyValueSpecification\",\"valueRequired\":true,\"valueName\":\"search_term_string\"}}],\"inLanguage\":\"fr-FR\"}]}<\/script>\n<!-- \/ Yoast SEO plugin. -->","yoast_head_json":{"title":"March\u00e9 bio - European Organic","description":"Les aliments certifi\u00e9s Euroleaf sont produits de mani\u00e8re responsable, dans le respect des personnes,des animaux et de l'environnement.","robots":{"index":"index","follow":"follow","max-snippet":"max-snippet:-1","max-image-preview":"max-image-preview:large","max-video-preview":"max-video-preview:-1"},"canonical":"https:\/\/bioeuropean.eu\/fr\/marche-bio\/","og_locale":"fr_FR","og_type":"article","og_title":"March\u00e9 bio - European Organic","og_description":"Les aliments certifi\u00e9s Euroleaf sont produits de mani\u00e8re responsable, dans le respect des personnes,des animaux et de l'environnement.","og_url":"https:\/\/bioeuropean.eu\/fr\/marche-bio\/","og_site_name":"European Organic","article_modified_time":"2025-11-29T17:43:44+00:00","twitter_card":"summary_large_image","twitter_misc":{"Dur\u00e9e de lecture estim\u00e9e":"1 minute"},"schema":{"@context":"https:\/\/schema.org","@graph":[{"@type":"WebPage","@id":"https:\/\/bioeuropean.eu\/fr\/marche-bio\/","url":"https:\/\/bioeuropean.eu\/fr\/marche-bio\/","name":"March\u00e9 bio - European Organic","isPartOf":{"@id":"https:\/\/bioeuropean.eu\/fr\/#website"},"datePublished":"2025-11-24T09:03:34+00:00","dateModified":"2025-11-29T17:43:44+00:00","description":"Les aliments certifi\u00e9s Euroleaf sont produits de mani\u00e8re responsable, dans le respect des personnes,des animaux et de l'environnement.","breadcrumb":{"@id":"https:\/\/bioeuropean.eu\/fr\/marche-bio\/#breadcrumb"},"inLanguage":"fr-FR","potentialAction":[{"@type":"ReadAction","target":["https:\/\/bioeuropean.eu\/fr\/marche-bio\/"]}]},{"@type":"BreadcrumbList","@id":"https:\/\/bioeuropean.eu\/fr\/marche-bio\/#breadcrumb","itemListElement":[{"@type":"ListItem","position":1,"name":"Home","item":"https:\/\/bioeuropean.eu\/fr\/"},{"@type":"ListItem","position":2,"name":"March\u00e9 bio"}]},{"@type":"WebSite","@id":"https:\/\/bioeuropean.eu\/fr\/#website","url":"https:\/\/bioeuropean.eu\/fr\/","name":"European Organic","description":"","potentialAction":[{"@type":"SearchAction","target":{"@type":"EntryPoint","urlTemplate":"https:\/\/bioeuropean.eu\/fr\/?s={search_term_string}"},"query-input":{"@type":"PropertyValueSpecification","valueRequired":true,"valueName":"search_term_string"}}],"inLanguage":"fr-FR"}]}},"_links":{"self":[{"href":"https:\/\/bioeuropean.eu\/fr\/wp-json\/wp\/v2\/pages\/650","targetHints":{"allow":["GET"]}}],"collection":[{"href":"https:\/\/bioeuropean.eu\/fr\/wp-json\/wp\/v2\/pages"}],"about":[{"href":"https:\/\/bioeuropean.eu\/fr\/wp-json\/wp\/v2\/types\/page"}],"author":[{"embeddable":true,"href":"https:\/\/bioeuropean.eu\/fr\/wp-json\/wp\/v2\/users\/1"}],"replies":[{"embeddable":true,"href":"https:\/\/bioeuropean.eu\/fr\/wp-json\/wp\/v2\/comments?post=650"}],"version-history":[{"count":2,"href":"https:\/\/bioeuropean.eu\/fr\/wp-json\/wp\/v2\/pages\/650\/revisions"}],"predecessor-version":[{"id":666,"href":"https:\/\/bioeuropean.eu\/fr\/wp-json\/wp\/v2\/pages\/650\/revisions\/666"}],"wp:attachment":[{"href":"https:\/\/bioeuropean.eu\/fr\/wp-json\/wp\/v2\/media?parent=650"}],"curies":[{"name":"wp","href":"https:\/\/api.w.org\/{rel}","templated":true}]}}