{"id":654,"date":"2025-11-24T09:03:42","date_gmt":"2025-11-24T09:03:42","guid":{"rendered":"https:\/\/bioeuropean.eu\/news-trends\/"},"modified":"2025-11-29T17:43:22","modified_gmt":"2025-11-29T17:43:22","slug":"actus-tendances","status":"publish","type":"page","link":"https:\/\/bioeuropean.eu\/fr\/actus-tendances\/","title":{"rendered":"Actus &amp; Tendances"},"content":{"rendered":"\n<section class=\"wp-block-group alignfull s-blog-posts has-lighter-green-background-color has-background has-global-padding is-layout-constrained wp-block-group-is-layout-constrained\">\n<div aria-hidden=\"true\" class=\"wp-block-fsb-flexible-spacer fsb-flexible-spacer\"><div class=\"fsb-flexible-spacer__device fsb-flexible-spacer__device--lg\" style=\"height:2rem\"><\/div><div class=\"fsb-flexible-spacer__device fsb-flexible-spacer__device--md\" style=\"height:2rem\"><\/div><div class=\"fsb-flexible-spacer__device fsb-flexible-spacer__device--sm\" style=\"height:2rem\"><\/div><\/div>\n\n\n\n<h1 class=\"wp-block-heading has-text-align-center has-dark-green-color has-text-color has-link-color has-x-large-font-size wp-elements-544c615ac45c8bad04a90628fa1af4c7\">Actus &amp; Tendances<\/h1>\n\n\n\n<div aria-hidden=\"true\" class=\"wp-block-fsb-flexible-spacer fsb-flexible-spacer\"><div class=\"fsb-flexible-spacer__device fsb-flexible-spacer__device--lg\" style=\"height:3rem\"><\/div><div class=\"fsb-flexible-spacer__device fsb-flexible-spacer__device--md\" style=\"height:2rem\"><\/div><div class=\"fsb-flexible-spacer__device fsb-flexible-spacer__device--sm\" style=\"height:2rem\"><\/div><\/div>\n\n\n\n<div class=\"wp-block-query has-global-padding is-layout-constrained wp-block-query-is-layout-constrained\"><ul class=\"columns-3 s-blog-posts wp-block-post-template is-layout-grid wp-container-core-post-template-is-layout-572542b5 wp-block-post-template-is-layout-grid\"><li class=\"wp-block-post post-904 post type-post status-publish format-standard has-post-thumbnail hentry category-news-trends\">\n<figure style=\"margin-bottom:0px;\" class=\"test wp-block-post-featured-image\"><a href=\"https:\/\/bioeuropean.eu\/fr\/les-aliments-biologiques-au-coeur-du-salon-natexpo\/\" target=\"_self\"  ><img loading=\"lazy\" decoding=\"async\" width=\"2000\" height=\"1374\" src=\"https:\/\/bioeuropean.eu\/wp-content\/uploads\/2026\/01\/les-aliments-biologiques-cover.jpg\" class=\"attachment-post-thumbnail size-post-thumbnail wp-post-image\" alt=\"Les aliments biologiques au c\u0153ur du salon Natexpo\" style=\"object-fit:cover;\" srcset=\"https:\/\/bioeuropean.eu\/wp-content\/uploads\/2026\/01\/les-aliments-biologiques-cover.jpg 2000w, https:\/\/bioeuropean.eu\/wp-content\/uploads\/2026\/01\/les-aliments-biologiques-cover-300x206.jpg 300w, https:\/\/bioeuropean.eu\/wp-content\/uploads\/2026\/01\/les-aliments-biologiques-cover-1024x703.jpg 1024w, https:\/\/bioeuropean.eu\/wp-content\/uploads\/2026\/01\/les-aliments-biologiques-cover-768x528.jpg 768w, https:\/\/bioeuropean.eu\/wp-content\/uploads\/2026\/01\/les-aliments-biologiques-cover-1536x1055.jpg 1536w\" sizes=\"auto, (max-width: 2000px) 100vw, 2000px\" \/><\/a><\/figure>\n\n\n<div class=\"wp-block-group s-blog-posts__group has-white-background-color has-background has-global-padding is-layout-constrained wp-container-core-group-is-layout-f611be13 wp-block-group-is-layout-constrained\" style=\"padding-top:var(--wp--preset--spacing--50);padding-right:var(--wp--preset--spacing--50);padding-bottom:var(--wp--preset--spacing--50);padding-left:var(--wp--preset--spacing--50)\"><h2 style=\"font-style:normal;font-weight:500; padding-bottom:var(--wp--preset--spacing--40);\" class=\"has-link-color wp-elements-85800e832a691798ab80dba80b98b788 wp-block-post-title has-text-color has-dark-green-color has-small-font-size\"><a href=\"https:\/\/bioeuropean.eu\/fr\/les-aliments-biologiques-au-coeur-du-salon-natexpo\/\" target=\"_self\" >Les aliments biologiques au c\u0153ur du salon Natexpo<\/a><\/h2>\n\n<div class=\"wp-block-post-excerpt\"><p class=\"wp-block-post-excerpt__excerpt\">Trois jours pleins d&rsquo;\u00e9nergie, d&rsquo;inspiration et de saveurs. 10 843 visiteurs. Une seule conclusion : Natexpo 2025 entre dans l&rsquo;histoire. Derri\u00e8re nous :&#8211; une rencontre avec les m\u00e9dias,&#8211; des rencontres B2B,&#8211; des rencontres sur le stand de la Chambre Polonaise\u2026<\/p><p class=\"wp-block-post-excerpt__more-text\"><a class=\"wp-block-post-excerpt__more-link\" href=\"https:\/\/bioeuropean.eu\/fr\/les-aliments-biologiques-au-coeur-du-salon-natexpo\/\">En savoir plus<\/a><\/p><\/div><\/div>\n\n<\/li><li class=\"wp-block-post post-589 post type-post status-publish format-standard has-post-thumbnail hentry category-news-trends\">\n<figure style=\"margin-bottom:0px;\" class=\"test wp-block-post-featured-image\"><a href=\"https:\/\/bioeuropean.eu\/fr\/les-aliments-biologiques-polonais-au-salon-natexpo-2025-a-paris\/\" target=\"_self\"  ><img loading=\"lazy\" decoding=\"async\" width=\"1000\" height=\"687\" src=\"https:\/\/bioeuropean.eu\/wp-content\/uploads\/2025\/11\/natexpo-2025-cover.jpg\" class=\"attachment-post-thumbnail size-post-thumbnail wp-post-image\" alt=\"Les aliments biologiques polonais au salon NatExpo 2025 \u00e0 Paris\" style=\"object-fit:cover;\" srcset=\"https:\/\/bioeuropean.eu\/wp-content\/uploads\/2025\/11\/natexpo-2025-cover.jpg 1000w, https:\/\/bioeuropean.eu\/wp-content\/uploads\/2025\/11\/natexpo-2025-cover-300x206.jpg 300w, https:\/\/bioeuropean.eu\/wp-content\/uploads\/2025\/11\/natexpo-2025-cover-768x528.jpg 768w\" sizes=\"auto, (max-width: 1000px) 100vw, 1000px\" \/><\/a><\/figure>\n\n\n<div class=\"wp-block-group s-blog-posts__group has-white-background-color has-background has-global-padding is-layout-constrained wp-container-core-group-is-layout-f611be13 wp-block-group-is-layout-constrained\" style=\"padding-top:var(--wp--preset--spacing--50);padding-right:var(--wp--preset--spacing--50);padding-bottom:var(--wp--preset--spacing--50);padding-left:var(--wp--preset--spacing--50)\"><h2 style=\"font-style:normal;font-weight:500; padding-bottom:var(--wp--preset--spacing--40);\" class=\"has-link-color wp-elements-85800e832a691798ab80dba80b98b788 wp-block-post-title has-text-color has-dark-green-color has-small-font-size\"><a href=\"https:\/\/bioeuropean.eu\/fr\/les-aliments-biologiques-polonais-au-salon-natexpo-2025-a-paris\/\" target=\"_self\" >Les aliments biologiques polonais au salon NatExpo 2025 \u00e0 Paris<\/a><\/h2>\n\n<div class=\"wp-block-post-excerpt\"><p class=\"wp-block-post-excerpt__excerpt\">Il existe en Europe un besoin croissant de renforcer la coop\u00e9ration dans le secteur de l&rsquo;agriculture biologique. La France \u00e9tant de plus en plus d\u00e9pendante des importations alimentaires, et environ 30 % des produits biologiques propos\u00e9s sur son territoire provenant\u2026<\/p><p class=\"wp-block-post-excerpt__more-text\"><a class=\"wp-block-post-excerpt__more-link\" href=\"https:\/\/bioeuropean.eu\/fr\/les-aliments-biologiques-polonais-au-salon-natexpo-2025-a-paris\/\">En savoir plus<\/a><\/p><\/div><\/div>\n\n<\/li><\/ul>\n\n\n<div aria-hidden=\"true\" class=\"wp-block-fsb-flexible-spacer fsb-flexible-spacer\"><div class=\"fsb-flexible-spacer__device fsb-flexible-spacer__device--lg\" style=\"height:3rem\"><\/div><div class=\"fsb-flexible-spacer__device fsb-flexible-spacer__device--md\" style=\"height:3rem\"><\/div><div class=\"fsb-flexible-spacer__device fsb-flexible-spacer__device--sm\" style=\"height:3rem\"><\/div><\/div>\n\n\n\n\n<\/div>\n\n\n\n<div aria-hidden=\"true\" class=\"wp-block-fsb-flexible-spacer fsb-flexible-spacer\"><div class=\"fsb-flexible-spacer__device fsb-flexible-spacer__device--lg\" style=\"height:3rem\"><\/div><div class=\"fsb-flexible-spacer__device fsb-flexible-spacer__device--md\" style=\"height:2rem\"><\/div><div class=\"fsb-flexible-spacer__device fsb-flexible-spacer__device--sm\" style=\"height:2rem\"><\/div><\/div>\n<\/section>\n","protected":false},"excerpt":{"rendered":"<p>Actus &amp; Tendances<\/p>\n","protected":false},"featured_media":0,"parent":0,"menu_order":0,"comment_status":"closed","ping_status":"closed","template":"wp-custom-template-blog-posts","meta":{"footnotes":""},"class_list":["post-654","page","type-page","status-publish","hentry"],"yoast_head":"<!-- This site is optimized with the Yoast SEO plugin v27.4 - https:\/\/yoast.com\/product\/yoast-seo-wordpress\/ -->\n<title>Actus &amp; Tendances - European Organic<\/title>\n<meta name=\"description\" content=\"Les aliments certifi\u00e9s Euroleaf sont produits de mani\u00e8re responsable, dans le respect des personnes,des animaux et de l&#039;environnement.\" \/>\n<meta name=\"robots\" content=\"index, follow, max-snippet:-1, max-image-preview:large, max-video-preview:-1\" \/>\n<link rel=\"canonical\" href=\"https:\/\/bioeuropean.eu\/fr\/actus-tendances\/\" \/>\n<meta property=\"og:locale\" content=\"fr_FR\" \/>\n<meta property=\"og:type\" content=\"article\" \/>\n<meta property=\"og:title\" content=\"Actus &amp; Tendances - European Organic\" \/>\n<meta property=\"og:description\" content=\"Les aliments certifi\u00e9s Euroleaf sont produits de mani\u00e8re responsable, dans le respect des personnes,des animaux et de l&#039;environnement.\" \/>\n<meta property=\"og:url\" content=\"https:\/\/bioeuropean.eu\/fr\/actus-tendances\/\" \/>\n<meta property=\"og:site_name\" content=\"European Organic\" \/>\n<meta property=\"article:modified_time\" content=\"2025-11-29T17:43:22+00:00\" \/>\n<meta name=\"twitter:card\" content=\"summary_large_image\" \/>\n<meta name=\"twitter:label1\" content=\"Dur\u00e9e de lecture estim\u00e9e\" \/>\n\t<meta name=\"twitter:data1\" content=\"1 minute\" \/>\n<script type=\"application\/ld+json\" class=\"yoast-schema-graph\">{\"@context\":\"https:\\\/\\\/schema.org\",\"@graph\":[{\"@type\":\"WebPage\",\"@id\":\"https:\\\/\\\/bioeuropean.eu\\\/fr\\\/actus-tendances\\\/\",\"url\":\"https:\\\/\\\/bioeuropean.eu\\\/fr\\\/actus-tendances\\\/\",\"name\":\"Actus &amp; Tendances - European Organic\",\"isPartOf\":{\"@id\":\"https:\\\/\\\/bioeuropean.eu\\\/fr\\\/#website\"},\"datePublished\":\"2025-11-24T09:03:42+00:00\",\"dateModified\":\"2025-11-29T17:43:22+00:00\",\"description\":\"Les aliments certifi\u00e9s Euroleaf sont produits de mani\u00e8re responsable, dans le respect des personnes,des animaux et de l'environnement.\",\"breadcrumb\":{\"@id\":\"https:\\\/\\\/bioeuropean.eu\\\/fr\\\/actus-tendances\\\/#breadcrumb\"},\"inLanguage\":\"fr-FR\",\"potentialAction\":[{\"@type\":\"ReadAction\",\"target\":[\"https:\\\/\\\/bioeuropean.eu\\\/fr\\\/actus-tendances\\\/\"]}]},{\"@type\":\"BreadcrumbList\",\"@id\":\"https:\\\/\\\/bioeuropean.eu\\\/fr\\\/actus-tendances\\\/#breadcrumb\",\"itemListElement\":[{\"@type\":\"ListItem\",\"position\":1,\"name\":\"Home\",\"item\":\"https:\\\/\\\/bioeuropean.eu\\\/fr\\\/\"},{\"@type\":\"ListItem\",\"position\":2,\"name\":\"Actus &amp; Tendances\"}]},{\"@type\":\"WebSite\",\"@id\":\"https:\\\/\\\/bioeuropean.eu\\\/fr\\\/#website\",\"url\":\"https:\\\/\\\/bioeuropean.eu\\\/fr\\\/\",\"name\":\"European Organic\",\"description\":\"\",\"potentialAction\":[{\"@type\":\"SearchAction\",\"target\":{\"@type\":\"EntryPoint\",\"urlTemplate\":\"https:\\\/\\\/bioeuropean.eu\\\/fr\\\/?s={search_term_string}\"},\"query-input\":{\"@type\":\"PropertyValueSpecification\",\"valueRequired\":true,\"valueName\":\"search_term_string\"}}],\"inLanguage\":\"fr-FR\"}]}<\/script>\n<!-- \/ Yoast SEO plugin. -->","yoast_head_json":{"title":"Actus &amp; Tendances - European Organic","description":"Les aliments certifi\u00e9s Euroleaf sont produits de mani\u00e8re responsable, dans le respect des personnes,des animaux et de l'environnement.","robots":{"index":"index","follow":"follow","max-snippet":"max-snippet:-1","max-image-preview":"max-image-preview:large","max-video-preview":"max-video-preview:-1"},"canonical":"https:\/\/bioeuropean.eu\/fr\/actus-tendances\/","og_locale":"fr_FR","og_type":"article","og_title":"Actus &amp; Tendances - European Organic","og_description":"Les aliments certifi\u00e9s Euroleaf sont produits de mani\u00e8re responsable, dans le respect des personnes,des animaux et de l'environnement.","og_url":"https:\/\/bioeuropean.eu\/fr\/actus-tendances\/","og_site_name":"European Organic","article_modified_time":"2025-11-29T17:43:22+00:00","twitter_card":"summary_large_image","twitter_misc":{"Dur\u00e9e de lecture estim\u00e9e":"1 minute"},"schema":{"@context":"https:\/\/schema.org","@graph":[{"@type":"WebPage","@id":"https:\/\/bioeuropean.eu\/fr\/actus-tendances\/","url":"https:\/\/bioeuropean.eu\/fr\/actus-tendances\/","name":"Actus &amp; Tendances - European Organic","isPartOf":{"@id":"https:\/\/bioeuropean.eu\/fr\/#website"},"datePublished":"2025-11-24T09:03:42+00:00","dateModified":"2025-11-29T17:43:22+00:00","description":"Les aliments certifi\u00e9s Euroleaf sont produits de mani\u00e8re responsable, dans le respect des personnes,des animaux et de l'environnement.","breadcrumb":{"@id":"https:\/\/bioeuropean.eu\/fr\/actus-tendances\/#breadcrumb"},"inLanguage":"fr-FR","potentialAction":[{"@type":"ReadAction","target":["https:\/\/bioeuropean.eu\/fr\/actus-tendances\/"]}]},{"@type":"BreadcrumbList","@id":"https:\/\/bioeuropean.eu\/fr\/actus-tendances\/#breadcrumb","itemListElement":[{"@type":"ListItem","position":1,"name":"Home","item":"https:\/\/bioeuropean.eu\/fr\/"},{"@type":"ListItem","position":2,"name":"Actus &amp; Tendances"}]},{"@type":"WebSite","@id":"https:\/\/bioeuropean.eu\/fr\/#website","url":"https:\/\/bioeuropean.eu\/fr\/","name":"European Organic","description":"","potentialAction":[{"@type":"SearchAction","target":{"@type":"EntryPoint","urlTemplate":"https:\/\/bioeuropean.eu\/fr\/?s={search_term_string}"},"query-input":{"@type":"PropertyValueSpecification","valueRequired":true,"valueName":"search_term_string"}}],"inLanguage":"fr-FR"}]}},"_links":{"self":[{"href":"https:\/\/bioeuropean.eu\/fr\/wp-json\/wp\/v2\/pages\/654","targetHints":{"allow":["GET"]}}],"collection":[{"href":"https:\/\/bioeuropean.eu\/fr\/wp-json\/wp\/v2\/pages"}],"about":[{"href":"https:\/\/bioeuropean.eu\/fr\/wp-json\/wp\/v2\/types\/page"}],"author":[{"embeddable":true,"href":"https:\/\/bioeuropean.eu\/fr\/wp-json\/wp\/v2\/users\/1"}],"replies":[{"embeddable":true,"href":"https:\/\/bioeuropean.eu\/fr\/wp-json\/wp\/v2\/comments?post=654"}],"version-history":[{"count":2,"href":"https:\/\/bioeuropean.eu\/fr\/wp-json\/wp\/v2\/pages\/654\/revisions"}],"predecessor-version":[{"id":665,"href":"https:\/\/bioeuropean.eu\/fr\/wp-json\/wp\/v2\/pages\/654\/revisions\/665"}],"wp:attachment":[{"href":"https:\/\/bioeuropean.eu\/fr\/wp-json\/wp\/v2\/media?parent=654"}],"curies":[{"name":"wp","href":"https:\/\/api.w.org\/{rel}","templated":true}]}}