{"id":681,"date":"2025-11-24T09:03:26","date_gmt":"2025-11-24T09:03:26","guid":{"rendered":"https:\/\/bioeuropean.eu\/how-is-organic-food-made\/"},"modified":"2025-11-29T17:44:00","modified_gmt":"2025-11-29T17:44:00","slug":"production-bio","status":"publish","type":"page","link":"https:\/\/bioeuropean.eu\/fr\/production-bio\/","title":{"rendered":"Production bio\u00a0"},"content":{"rendered":"\n<section class=\"wp-block-group alignfull s-blog-posts has-lighter-green-background-color has-background has-global-padding is-layout-constrained wp-block-group-is-layout-constrained\">\n<div aria-hidden=\"true\" class=\"wp-block-fsb-flexible-spacer fsb-flexible-spacer\"><div class=\"fsb-flexible-spacer__device fsb-flexible-spacer__device--lg\" style=\"height:2rem\"><\/div><div class=\"fsb-flexible-spacer__device fsb-flexible-spacer__device--md\" style=\"height:2rem\"><\/div><div class=\"fsb-flexible-spacer__device fsb-flexible-spacer__device--sm\" style=\"height:2rem\"><\/div><\/div>\n\n\n\n<h1 class=\"wp-block-heading has-text-align-center has-dark-green-color has-text-color has-link-color has-x-large-font-size wp-elements-9958e44e3af8980f49de2a74cffc77c1\">Production bio<\/h1>\n\n\n\n<div aria-hidden=\"true\" class=\"wp-block-fsb-flexible-spacer fsb-flexible-spacer\"><div class=\"fsb-flexible-spacer__device fsb-flexible-spacer__device--lg\" style=\"height:3rem\"><\/div><div class=\"fsb-flexible-spacer__device fsb-flexible-spacer__device--md\" style=\"height:2rem\"><\/div><div class=\"fsb-flexible-spacer__device fsb-flexible-spacer__device--sm\" style=\"height:2rem\"><\/div><\/div>\n\n\n\n<div class=\"wp-block-query has-global-padding is-layout-constrained wp-block-query-is-layout-constrained\"><ul class=\"columns-3 s-blog-posts wp-block-post-template is-layout-grid wp-container-core-post-template-is-layout-572542b5 wp-block-post-template-is-layout-grid\"><li class=\"wp-block-post post-698 post type-post status-publish format-standard has-post-thumbnail hentry category-how-is-organic-food-made\">\n<figure style=\"margin-bottom:0px;\" class=\"test wp-block-post-featured-image\"><a href=\"https:\/\/bioeuropean.eu\/fr\/des-aliments-biologiques-sans-additifs-numeros-e\/\" target=\"_self\"  ><img loading=\"lazy\" decoding=\"async\" width=\"900\" height=\"1098\" src=\"https:\/\/bioeuropean.eu\/wp-content\/uploads\/2025\/11\/blog-how-4.jpg\" class=\"attachment-post-thumbnail size-post-thumbnail wp-post-image\" alt=\"Des aliments biologiques sans additifs (num\u00e9ros E) ?\" style=\"object-fit:cover;\" srcset=\"https:\/\/bioeuropean.eu\/wp-content\/uploads\/2025\/11\/blog-how-4.jpg 900w, https:\/\/bioeuropean.eu\/wp-content\/uploads\/2025\/11\/blog-how-4-246x300.jpg 246w, https:\/\/bioeuropean.eu\/wp-content\/uploads\/2025\/11\/blog-how-4-839x1024.jpg 839w, https:\/\/bioeuropean.eu\/wp-content\/uploads\/2025\/11\/blog-how-4-768x937.jpg 768w\" sizes=\"auto, (max-width: 900px) 100vw, 900px\" \/><\/a><\/figure>\n\n\n<div class=\"wp-block-group s-blog-posts__group has-white-background-color has-background has-global-padding is-layout-constrained wp-container-core-group-is-layout-f611be13 wp-block-group-is-layout-constrained\" style=\"padding-top:var(--wp--preset--spacing--50);padding-right:var(--wp--preset--spacing--50);padding-bottom:var(--wp--preset--spacing--50);padding-left:var(--wp--preset--spacing--50)\"><h2 style=\"font-style:normal;font-weight:500; padding-bottom:var(--wp--preset--spacing--40);\" class=\"has-link-color wp-elements-85800e832a691798ab80dba80b98b788 wp-block-post-title has-text-color has-dark-green-color has-small-font-size\"><a href=\"https:\/\/bioeuropean.eu\/fr\/des-aliments-biologiques-sans-additifs-numeros-e\/\" target=\"_self\" >Des aliments biologiques sans additifs (num\u00e9ros E) ?<\/a><\/h2>\n\n<div class=\"wp-block-post-excerpt\"><p class=\"wp-block-post-excerpt__excerpt\">Jusqu&rsquo;\u00e0 r\u00e9cemment, les aliments biologiques \u00e9taient principalement associ\u00e9s aux fruits et l\u00e9gumes frais. Ceux-ci dominaient le march\u00e9 et \u00e9taient les choix les plus populaires aupr\u00e8s des consommateurs. Ces derni\u00e8res ann\u00e9es, cependant, la situation a chang\u00e9 : de plus en plus\u2026<\/p><p class=\"wp-block-post-excerpt__more-text\"><a class=\"wp-block-post-excerpt__more-link\" href=\"https:\/\/bioeuropean.eu\/fr\/des-aliments-biologiques-sans-additifs-numeros-e\/\">En savoir plus<\/a><\/p><\/div><\/div>\n\n<\/li><li class=\"wp-block-post post-692 post type-post status-publish format-standard has-post-thumbnail hentry category-how-is-organic-food-made tag-homepage\">\n<figure style=\"margin-bottom:0px;\" class=\"test wp-block-post-featured-image\"><a href=\"https:\/\/bioeuropean.eu\/fr\/comment-les-produits-biologiques-sont-ils-etiquetes\/\" target=\"_self\"  ><img loading=\"lazy\" decoding=\"async\" width=\"900\" height=\"1098\" src=\"https:\/\/bioeuropean.eu\/wp-content\/uploads\/2025\/11\/blog-how-3.jpg\" class=\"attachment-post-thumbnail size-post-thumbnail wp-post-image\" alt=\"Comment les produits biologiques sont-ils \u00e9tiquet\u00e9s ?\" style=\"object-fit:cover;\" srcset=\"https:\/\/bioeuropean.eu\/wp-content\/uploads\/2025\/11\/blog-how-3.jpg 900w, https:\/\/bioeuropean.eu\/wp-content\/uploads\/2025\/11\/blog-how-3-246x300.jpg 246w, https:\/\/bioeuropean.eu\/wp-content\/uploads\/2025\/11\/blog-how-3-839x1024.jpg 839w, https:\/\/bioeuropean.eu\/wp-content\/uploads\/2025\/11\/blog-how-3-768x937.jpg 768w\" sizes=\"auto, (max-width: 900px) 100vw, 900px\" \/><\/a><\/figure>\n\n\n<div class=\"wp-block-group s-blog-posts__group has-white-background-color has-background has-global-padding is-layout-constrained wp-container-core-group-is-layout-f611be13 wp-block-group-is-layout-constrained\" style=\"padding-top:var(--wp--preset--spacing--50);padding-right:var(--wp--preset--spacing--50);padding-bottom:var(--wp--preset--spacing--50);padding-left:var(--wp--preset--spacing--50)\"><h2 style=\"font-style:normal;font-weight:500; padding-bottom:var(--wp--preset--spacing--40);\" class=\"has-link-color wp-elements-85800e832a691798ab80dba80b98b788 wp-block-post-title has-text-color has-dark-green-color has-small-font-size\"><a href=\"https:\/\/bioeuropean.eu\/fr\/comment-les-produits-biologiques-sont-ils-etiquetes\/\" target=\"_self\" >Comment les produits biologiques sont-ils \u00e9tiquet\u00e9s ?<\/a><\/h2>\n\n<div class=\"wp-block-post-excerpt\"><p class=\"wp-block-post-excerpt__excerpt\">Les produits biologiques dans l&rsquo;Union europ\u00e9enne sont \u00e9tiquet\u00e9s de mani\u00e8re uniforme et coh\u00e9rente, ce qui les rend facilement reconnaissables pour les consommateurs dans tous les \u00c9tats membres. Depuis le 1er juillet 2010, tous les emballages de vente au d\u00e9tail des\u2026<\/p><p class=\"wp-block-post-excerpt__more-text\"><a class=\"wp-block-post-excerpt__more-link\" href=\"https:\/\/bioeuropean.eu\/fr\/comment-les-produits-biologiques-sont-ils-etiquetes\/\">En savoir plus<\/a><\/p><\/div><\/div>\n\n<\/li><li class=\"wp-block-post post-688 post type-post status-publish format-standard has-post-thumbnail hentry category-how-is-organic-food-made\">\n<figure style=\"margin-bottom:0px;\" class=\"test wp-block-post-featured-image\"><a href=\"https:\/\/bioeuropean.eu\/fr\/en-quoi-les-aliments-biologiques-different-ils-des-aliments-conventionnels\/\" target=\"_self\"  ><img loading=\"lazy\" decoding=\"async\" width=\"900\" height=\"1098\" src=\"https:\/\/bioeuropean.eu\/wp-content\/uploads\/2025\/11\/blog-how-2.jpg\" class=\"attachment-post-thumbnail size-post-thumbnail wp-post-image\" alt=\"En quoi les aliments biologiques diff\u00e8rent-ils des aliments conventionnels ?\" style=\"object-fit:cover;\" srcset=\"https:\/\/bioeuropean.eu\/wp-content\/uploads\/2025\/11\/blog-how-2.jpg 900w, https:\/\/bioeuropean.eu\/wp-content\/uploads\/2025\/11\/blog-how-2-246x300.jpg 246w, https:\/\/bioeuropean.eu\/wp-content\/uploads\/2025\/11\/blog-how-2-839x1024.jpg 839w, https:\/\/bioeuropean.eu\/wp-content\/uploads\/2025\/11\/blog-how-2-768x937.jpg 768w\" sizes=\"auto, (max-width: 900px) 100vw, 900px\" \/><\/a><\/figure>\n\n\n<div class=\"wp-block-group s-blog-posts__group has-white-background-color has-background has-global-padding is-layout-constrained wp-container-core-group-is-layout-f611be13 wp-block-group-is-layout-constrained\" style=\"padding-top:var(--wp--preset--spacing--50);padding-right:var(--wp--preset--spacing--50);padding-bottom:var(--wp--preset--spacing--50);padding-left:var(--wp--preset--spacing--50)\"><h2 style=\"font-style:normal;font-weight:500; padding-bottom:var(--wp--preset--spacing--40);\" class=\"has-link-color wp-elements-85800e832a691798ab80dba80b98b788 wp-block-post-title has-text-color has-dark-green-color has-small-font-size\"><a href=\"https:\/\/bioeuropean.eu\/fr\/en-quoi-les-aliments-biologiques-different-ils-des-aliments-conventionnels\/\" target=\"_self\" >En quoi les aliments biologiques diff\u00e8rent-ils des aliments conventionnels ?<\/a><\/h2>\n\n<div class=\"wp-block-post-excerpt\"><p class=\"wp-block-post-excerpt__excerpt\">De nombreux consommateurs ont d\u00e9j\u00e0 \u00e9t\u00e9 confront\u00e9s au concept d&rsquo;alimentation biologique au moins une fois lors de leurs achats, mais tout le monde n&rsquo;est pas en mesure d&rsquo;expliquer ce qui distingue r\u00e9ellement les produits biologiques des produits conventionnels. Dans cette\u2026<\/p><p class=\"wp-block-post-excerpt__more-text\"><a class=\"wp-block-post-excerpt__more-link\" href=\"https:\/\/bioeuropean.eu\/fr\/en-quoi-les-aliments-biologiques-different-ils-des-aliments-conventionnels\/\">En savoir plus<\/a><\/p><\/div><\/div>\n\n<\/li><li class=\"wp-block-post post-675 post type-post status-publish format-standard has-post-thumbnail hentry category-how-is-organic-food-made tag-homepage\">\n<figure style=\"margin-bottom:0px;\" class=\"test wp-block-post-featured-image\"><a href=\"https:\/\/bioeuropean.eu\/fr\/lecologie-en-pratique-comment-sont-produits-les-aliments-certifies-biologiques\/\" target=\"_self\"  ><img loading=\"lazy\" decoding=\"async\" width=\"900\" height=\"1098\" src=\"https:\/\/bioeuropean.eu\/wp-content\/uploads\/2025\/11\/blog-how-1.jpg\" class=\"attachment-post-thumbnail size-post-thumbnail wp-post-image\" alt=\"L&rsquo;\u00e9cologie en pratique : comment sont produits les aliments certifi\u00e9s biologiques\" style=\"object-fit:cover;\" srcset=\"https:\/\/bioeuropean.eu\/wp-content\/uploads\/2025\/11\/blog-how-1.jpg 900w, https:\/\/bioeuropean.eu\/wp-content\/uploads\/2025\/11\/blog-how-1-246x300.jpg 246w, https:\/\/bioeuropean.eu\/wp-content\/uploads\/2025\/11\/blog-how-1-839x1024.jpg 839w, https:\/\/bioeuropean.eu\/wp-content\/uploads\/2025\/11\/blog-how-1-768x937.jpg 768w\" sizes=\"auto, (max-width: 900px) 100vw, 900px\" \/><\/a><\/figure>\n\n\n<div class=\"wp-block-group s-blog-posts__group has-white-background-color has-background has-global-padding is-layout-constrained wp-container-core-group-is-layout-f611be13 wp-block-group-is-layout-constrained\" style=\"padding-top:var(--wp--preset--spacing--50);padding-right:var(--wp--preset--spacing--50);padding-bottom:var(--wp--preset--spacing--50);padding-left:var(--wp--preset--spacing--50)\"><h2 style=\"font-style:normal;font-weight:500; padding-bottom:var(--wp--preset--spacing--40);\" class=\"has-link-color wp-elements-85800e832a691798ab80dba80b98b788 wp-block-post-title has-text-color has-dark-green-color has-small-font-size\"><a href=\"https:\/\/bioeuropean.eu\/fr\/lecologie-en-pratique-comment-sont-produits-les-aliments-certifies-biologiques\/\" target=\"_self\" >L&rsquo;\u00e9cologie en pratique : comment sont produits les aliments certifi\u00e9s biologiques<\/a><\/h2>\n\n<div class=\"wp-block-post-excerpt\"><p class=\"wp-block-post-excerpt__excerpt\">Tout produit qui semble naturel, local ou \u00ab provenant directement de l&rsquo;agriculteur \u00bb peut-il \u00eatre consid\u00e9r\u00e9 comme biologique ? C&rsquo;est une croyance courante, mais les aliments \u00e9tiquet\u00e9s comme biologiques (BIO) doivent r\u00e9pondre \u00e0 des exigences clairement d\u00e9finies concernant le mode\u2026<\/p><p class=\"wp-block-post-excerpt__more-text\"><a class=\"wp-block-post-excerpt__more-link\" href=\"https:\/\/bioeuropean.eu\/fr\/lecologie-en-pratique-comment-sont-produits-les-aliments-certifies-biologiques\/\">En savoir plus<\/a><\/p><\/div><\/div>\n\n<\/li><\/ul>\n\n\n<div aria-hidden=\"true\" class=\"wp-block-fsb-flexible-spacer fsb-flexible-spacer\"><div class=\"fsb-flexible-spacer__device fsb-flexible-spacer__device--lg\" style=\"height:3rem\"><\/div><div class=\"fsb-flexible-spacer__device fsb-flexible-spacer__device--md\" style=\"height:3rem\"><\/div><div class=\"fsb-flexible-spacer__device fsb-flexible-spacer__device--sm\" style=\"height:3rem\"><\/div><\/div>\n\n\n\n\n<\/div>\n\n\n\n<div aria-hidden=\"true\" class=\"wp-block-fsb-flexible-spacer fsb-flexible-spacer\"><div class=\"fsb-flexible-spacer__device fsb-flexible-spacer__device--lg\" style=\"height:3rem\"><\/div><div class=\"fsb-flexible-spacer__device fsb-flexible-spacer__device--md\" style=\"height:2rem\"><\/div><div class=\"fsb-flexible-spacer__device fsb-flexible-spacer__device--sm\" style=\"height:2rem\"><\/div><\/div>\n<\/section>\n","protected":false},"excerpt":{"rendered":"<p>Production bio<\/p>\n","protected":false},"featured_media":0,"parent":0,"menu_order":0,"comment_status":"closed","ping_status":"closed","template":"wp-custom-template-blog-posts","meta":{"footnotes":""},"class_list":["post-681","page","type-page","status-publish","hentry"],"yoast_head":"<!-- This site is optimized with the Yoast SEO plugin v27.4 - https:\/\/yoast.com\/product\/yoast-seo-wordpress\/ -->\n<title>Production bio\u00a0 - European Organic<\/title>\n<meta name=\"description\" content=\"Les aliments certifi\u00e9s Euroleaf sont produits de mani\u00e8re responsable, dans le respect des personnes,des animaux et de l&#039;environnement.\" \/>\n<meta name=\"robots\" content=\"index, follow, max-snippet:-1, max-image-preview:large, max-video-preview:-1\" \/>\n<link rel=\"canonical\" href=\"https:\/\/bioeuropean.eu\/fr\/production-bio\/\" \/>\n<meta property=\"og:locale\" content=\"fr_FR\" \/>\n<meta property=\"og:type\" content=\"article\" \/>\n<meta property=\"og:title\" content=\"Production bio\u00a0 - European Organic\" \/>\n<meta property=\"og:description\" content=\"Les aliments certifi\u00e9s Euroleaf sont produits de mani\u00e8re responsable, dans le respect des personnes,des animaux et de l&#039;environnement.\" \/>\n<meta property=\"og:url\" content=\"https:\/\/bioeuropean.eu\/fr\/production-bio\/\" \/>\n<meta property=\"og:site_name\" content=\"European Organic\" \/>\n<meta property=\"article:modified_time\" content=\"2025-11-29T17:44:00+00:00\" \/>\n<meta name=\"twitter:card\" content=\"summary_large_image\" \/>\n<meta name=\"twitter:label1\" content=\"Dur\u00e9e de lecture estim\u00e9e\" \/>\n\t<meta name=\"twitter:data1\" content=\"1 minute\" \/>\n<script type=\"application\/ld+json\" class=\"yoast-schema-graph\">{\"@context\":\"https:\\\/\\\/schema.org\",\"@graph\":[{\"@type\":\"WebPage\",\"@id\":\"https:\\\/\\\/bioeuropean.eu\\\/fr\\\/production-bio\\\/\",\"url\":\"https:\\\/\\\/bioeuropean.eu\\\/fr\\\/production-bio\\\/\",\"name\":\"Production bio\u00a0 - European Organic\",\"isPartOf\":{\"@id\":\"https:\\\/\\\/bioeuropean.eu\\\/fr\\\/#website\"},\"datePublished\":\"2025-11-24T09:03:26+00:00\",\"dateModified\":\"2025-11-29T17:44:00+00:00\",\"description\":\"Les aliments certifi\u00e9s Euroleaf sont produits de mani\u00e8re responsable, dans le respect des personnes,des animaux et de l'environnement.\",\"breadcrumb\":{\"@id\":\"https:\\\/\\\/bioeuropean.eu\\\/fr\\\/production-bio\\\/#breadcrumb\"},\"inLanguage\":\"fr-FR\",\"potentialAction\":[{\"@type\":\"ReadAction\",\"target\":[\"https:\\\/\\\/bioeuropean.eu\\\/fr\\\/production-bio\\\/\"]}]},{\"@type\":\"BreadcrumbList\",\"@id\":\"https:\\\/\\\/bioeuropean.eu\\\/fr\\\/production-bio\\\/#breadcrumb\",\"itemListElement\":[{\"@type\":\"ListItem\",\"position\":1,\"name\":\"Home\",\"item\":\"https:\\\/\\\/bioeuropean.eu\\\/fr\\\/\"},{\"@type\":\"ListItem\",\"position\":2,\"name\":\"Production bio\u00a0\"}]},{\"@type\":\"WebSite\",\"@id\":\"https:\\\/\\\/bioeuropean.eu\\\/fr\\\/#website\",\"url\":\"https:\\\/\\\/bioeuropean.eu\\\/fr\\\/\",\"name\":\"European Organic\",\"description\":\"\",\"potentialAction\":[{\"@type\":\"SearchAction\",\"target\":{\"@type\":\"EntryPoint\",\"urlTemplate\":\"https:\\\/\\\/bioeuropean.eu\\\/fr\\\/?s={search_term_string}\"},\"query-input\":{\"@type\":\"PropertyValueSpecification\",\"valueRequired\":true,\"valueName\":\"search_term_string\"}}],\"inLanguage\":\"fr-FR\"}]}<\/script>\n<!-- \/ Yoast SEO plugin. -->","yoast_head_json":{"title":"Production bio\u00a0 - European Organic","description":"Les aliments certifi\u00e9s Euroleaf sont produits de mani\u00e8re responsable, dans le respect des personnes,des animaux et de l'environnement.","robots":{"index":"index","follow":"follow","max-snippet":"max-snippet:-1","max-image-preview":"max-image-preview:large","max-video-preview":"max-video-preview:-1"},"canonical":"https:\/\/bioeuropean.eu\/fr\/production-bio\/","og_locale":"fr_FR","og_type":"article","og_title":"Production bio\u00a0 - European Organic","og_description":"Les aliments certifi\u00e9s Euroleaf sont produits de mani\u00e8re responsable, dans le respect des personnes,des animaux et de l'environnement.","og_url":"https:\/\/bioeuropean.eu\/fr\/production-bio\/","og_site_name":"European Organic","article_modified_time":"2025-11-29T17:44:00+00:00","twitter_card":"summary_large_image","twitter_misc":{"Dur\u00e9e de lecture estim\u00e9e":"1 minute"},"schema":{"@context":"https:\/\/schema.org","@graph":[{"@type":"WebPage","@id":"https:\/\/bioeuropean.eu\/fr\/production-bio\/","url":"https:\/\/bioeuropean.eu\/fr\/production-bio\/","name":"Production bio\u00a0 - European Organic","isPartOf":{"@id":"https:\/\/bioeuropean.eu\/fr\/#website"},"datePublished":"2025-11-24T09:03:26+00:00","dateModified":"2025-11-29T17:44:00+00:00","description":"Les aliments certifi\u00e9s Euroleaf sont produits de mani\u00e8re responsable, dans le respect des personnes,des animaux et de l'environnement.","breadcrumb":{"@id":"https:\/\/bioeuropean.eu\/fr\/production-bio\/#breadcrumb"},"inLanguage":"fr-FR","potentialAction":[{"@type":"ReadAction","target":["https:\/\/bioeuropean.eu\/fr\/production-bio\/"]}]},{"@type":"BreadcrumbList","@id":"https:\/\/bioeuropean.eu\/fr\/production-bio\/#breadcrumb","itemListElement":[{"@type":"ListItem","position":1,"name":"Home","item":"https:\/\/bioeuropean.eu\/fr\/"},{"@type":"ListItem","position":2,"name":"Production bio\u00a0"}]},{"@type":"WebSite","@id":"https:\/\/bioeuropean.eu\/fr\/#website","url":"https:\/\/bioeuropean.eu\/fr\/","name":"European Organic","description":"","potentialAction":[{"@type":"SearchAction","target":{"@type":"EntryPoint","urlTemplate":"https:\/\/bioeuropean.eu\/fr\/?s={search_term_string}"},"query-input":{"@type":"PropertyValueSpecification","valueRequired":true,"valueName":"search_term_string"}}],"inLanguage":"fr-FR"}]}},"_links":{"self":[{"href":"https:\/\/bioeuropean.eu\/fr\/wp-json\/wp\/v2\/pages\/681","targetHints":{"allow":["GET"]}}],"collection":[{"href":"https:\/\/bioeuropean.eu\/fr\/wp-json\/wp\/v2\/pages"}],"about":[{"href":"https:\/\/bioeuropean.eu\/fr\/wp-json\/wp\/v2\/types\/page"}],"author":[{"embeddable":true,"href":"https:\/\/bioeuropean.eu\/fr\/wp-json\/wp\/v2\/users\/1"}],"replies":[{"embeddable":true,"href":"https:\/\/bioeuropean.eu\/fr\/wp-json\/wp\/v2\/comments?post=681"}],"version-history":[{"count":2,"href":"https:\/\/bioeuropean.eu\/fr\/wp-json\/wp\/v2\/pages\/681\/revisions"}],"predecessor-version":[{"id":697,"href":"https:\/\/bioeuropean.eu\/fr\/wp-json\/wp\/v2\/pages\/681\/revisions\/697"}],"wp:attachment":[{"href":"https:\/\/bioeuropean.eu\/fr\/wp-json\/wp\/v2\/media?parent=681"}],"curies":[{"name":"wp","href":"https:\/\/api.w.org\/{rel}","templated":true}]}}